{"id":4375,"date":"2016-11-15T10:21:48","date_gmt":"2016-11-15T10:21:48","guid":{"rendered":"https:\/\/oldaxyz.kinsta.cloud\/us\/?page_id=4375"},"modified":"2019-08-19T19:12:46","modified_gmt":"2019-08-19T18:12:46","slug":"oem-literature-sp","status":"publish","type":"page","link":"https:\/\/oldaxyz.kinsta.cloud\/us\/oem-literature-sp\/","title":{"rendered":"O.E.M Literature &#8211; Spanish"},"content":{"rendered":"<h1>Informaci\u00f3n del fabricante del equipo original<\/h1>\n<hr \/>\n<div id=\"ctaccordion\">\n<h2>Sistema de visi\u00f3n de AXYZ<\/h2>\n<div class=\"content\">Consulte el Manual para obtener m\u00e1s informaci\u00f3n sobre la configuraci\u00f3n y el uso del sistema de visi\u00f3n AXYZ. P\u00f3ngase en contacto con el servicio de Asistencia t\u00e9cnica si sigue teniendo problemas. <a style=\"line-height: 1.6em;\" href=\"https:\/\/oldaxyz.kinsta.cloud\/us\/wp-content\/uploads\/sites\/2\/2016\/12\/avs_manual.pdf\" target=\"_blank\" rel=\"noopener\">Desc\u00e1rguese el Manual.<\/a><\/div>\n<h2>Bomba de vac\u00edo Busch<\/h2>\n<div class=\"content\">Consulte el Manual para obtener m\u00e1s informaci\u00f3n sobre la configuraci\u00f3n y el uso de la bomba de vac\u00edo Busch. P\u00f3ngase en contacto con el servicio de Asistencia t\u00e9cnica si sigue teniendo problemas. <a href=\"https:\/\/oldaxyz.kinsta.cloud\/us\/wp-content\/uploads\/sites\/2\/2016\/12\/busch-vacuum-pump-manual.pdf\" target=\"_blank\" rel=\"noopener\">Desc\u00e1rguese el Manual.<\/a><\/div>\n<h2>Taladro DeSoutter<\/h2>\n<div class=\"content\">Consulte el Manual para obtener m\u00e1s informaci\u00f3n sobre la configuraci\u00f3n y el uso del taladro DeSoutter. P\u00f3ngase en contacto con el servicio de Asistencia t\u00e9cnica si sigue teniendo problemas. Desc\u00e1rguese <a href=\"https:\/\/oldaxyz.kinsta.cloud\/us\/wp-content\/uploads\/sites\/2\/2016\/12\/Desoutter-drills-pneumatic-manual.pdf\" target=\"_blank\" rel=\"noopener\">el Manual neum\u00e1tico<\/a> o <a href=\"https:\/\/oldaxyz.kinsta.cloud\/us\/wp-content\/uploads\/sites\/2\/2016\/12\/Desoutter-drills-electric-manual.pdf\" target=\"_blank\" rel=\"noopener\">el Manual el\u00e9ctrico <\/a><\/div>\n<h2>Eje Elte<\/h2>\n<div class=\"content\">Consulte el Manual para obtener m\u00e1s informaci\u00f3n sobre la configuraci\u00f3n y el uso del eje Elte. P\u00f3ngase en contacto con el servicio de Asistencia t\u00e9cnica si sigue teniendo problemas. <a href=\"https:\/\/oldaxyz.kinsta.cloud\/us\/wp-content\/uploads\/sites\/2\/2016\/12\/elte_manual.pdf\" target=\"_blank\" rel=\"noopener\">Desc\u00e1rguese el Manual.<\/a><\/div>\n<h2>Eje HSD<\/h2>\n<div class=\"content\">Consulte el Manual para obtener m\u00e1s informaci\u00f3n sobre la configuraci\u00f3n y el uso del eje HSD. P\u00f3ngase en contacto con el servicio de Asistencia t\u00e9cnica si sigue teniendo problemas.<\/div>\n<h2>Plasma<\/h2>\n<div class=\"content\">Consulte el Manual para obtener m\u00e1s informaci\u00f3n sobre la configuraci\u00f3n y el uso del sistema de plasma. P\u00f3ngase en contacto con el servicio de Asistencia t\u00e9cnica si sigue teniendo problemas.<\/div>\n<h2>Calefactor Republic<\/h2>\n<div class=\"content\">Consulte el Manual para obtener m\u00e1s informaci\u00f3n sobre la configuraci\u00f3n y el uso del calefactor Republic. P\u00f3ngase en contacto con el servicio de Asistencia t\u00e9cnica si sigue teniendo problemas. <a href=\"https:\/\/oldaxyz.kinsta.cloud\/us\/wp-content\/uploads\/sites\/2\/2016\/12\/regenerative_blower_owners_manual.pdf\" target=\"_blank\" rel=\"noopener\">Desc\u00e1rguese el Manual.<\/a><\/div>\n<h2>SmartConsole<\/h2>\n<div class=\"content\">Consulte el Manual para obtener m\u00e1s informaci\u00f3n sobre la configuraci\u00f3n y el uso de la SmartConsole. P\u00f3ngase en contacto con el servicio de Asistencia t\u00e9cnica si sigue teniendo problemas. <a href=\"https:\/\/oldaxyz.kinsta.cloud\/us\/wp-content\/uploads\/sites\/2\/2016\/11\/axyz_smartconsole.pdf\" target=\"_blank\" rel=\"noopener\">Desc\u00e1rguese el Manual.<\/a><\/div>\n<h2>Unidad de velocidad gradual<\/h2>\n<div class=\"content\">Consulte el Manual para obtener m\u00e1s informaci\u00f3n sobre la configuraci\u00f3n y el uso de la unidad de velocidad gradual. P\u00f3ngase en contacto con el servicio de Asistencia t\u00e9cnica si sigue teniendo problemas. Desc\u00e1rguese <a href=\"https:\/\/oldaxyz.kinsta.cloud\/us\/wp-content\/uploads\/sites\/2\/2016\/12\/6410-stepper-drive-manual.pdf\" target=\"_blank\" rel=\"noopener\">el Manual de la unidad de velocidad gradual Pac-Sci 6410 <\/a> o <a href=\"https:\/\/oldaxyz.kinsta.cloud\/us\/wp-content\/uploads\/sites\/2\/2016\/12\/a2-stepper-drive-manual.pdf\">el Manual de la unidad de velocidad gradual A2<\/a><\/div>\n<h2>Rociador Unist<\/h2>\n<div class=\"content\">Consulte el Manual para obtener m\u00e1s informaci\u00f3n sobre la configuraci\u00f3n y el uso del sistema rociador Unist. P\u00f3ngase en contacto con el servicio de Asistencia t\u00e9cnica si sigue teniendo problemas. <a href=\"https:\/\/oldaxyz.kinsta.cloud\/us\/wp-content\/uploads\/sites\/2\/2016\/12\/unist-mister-manual.pdf\" target=\"_blank\" rel=\"noopener\">Desc\u00e1rguese el Manual.<\/a><\/div>\n<h2>Inversor Vacon X4<\/h2>\n<div class=\"content\">Consulte el Manual para obtener m\u00e1s informaci\u00f3n sobre la configuraci\u00f3n y el uso del inversor Vacon X4. P\u00f3ngase en contacto con el servicio de Asistencia t\u00e9cnica si sigue teniendo problemas. <a href=\"https:\/\/oldaxyz.kinsta.cloud\/us\/wp-content\/uploads\/sites\/2\/2016\/12\/x4-manual.pdf\" target=\"_blank\" rel=\"noopener\">Desc\u00e1rguese el Manual.<\/a><\/div>\n<\/div>\n","protected":false},"excerpt":{"rendered":"<p>Informaci\u00f3n del fabricante del equipo original Sistema de visi\u00f3n de AXYZ Consulte el Manual para obtener m\u00e1s informaci\u00f3n sobre la configuraci\u00f3n y el uso del sistema de visi\u00f3n AXYZ. P\u00f3ngase en contacto con el servicio de Asistencia t\u00e9cnica si sigue teniendo problemas. Desc\u00e1rguese el Manual. Bomba de vac\u00edo Busch Consulte el Manual para obtener m\u00e1s <a class=\"moretag\" href=\"https:\/\/oldaxyz.kinsta.cloud\/us\/oem-literature-sp\/\">[read more&#8230;]<\/a><\/p>\n","protected":false},"author":6,"featured_media":0,"parent":0,"menu_order":0,"comment_status":"closed","ping_status":"closed","template":"page-fullwidth.php","meta":[],"_links":{"self":[{"href":"https:\/\/oldaxyz.kinsta.cloud\/us\/wp-json\/wp\/v2\/pages\/4375"}],"collection":[{"href":"https:\/\/oldaxyz.kinsta.cloud\/us\/wp-json\/wp\/v2\/pages"}],"about":[{"href":"https:\/\/oldaxyz.kinsta.cloud\/us\/wp-json\/wp\/v2\/types\/page"}],"author":[{"embeddable":true,"href":"https:\/\/oldaxyz.kinsta.cloud\/us\/wp-json\/wp\/v2\/users\/6"}],"replies":[{"embeddable":true,"href":"https:\/\/oldaxyz.kinsta.cloud\/us\/wp-json\/wp\/v2\/comments?post=4375"}],"version-history":[{"count":4,"href":"https:\/\/oldaxyz.kinsta.cloud\/us\/wp-json\/wp\/v2\/pages\/4375\/revisions"}],"predecessor-version":[{"id":7649,"href":"https:\/\/oldaxyz.kinsta.cloud\/us\/wp-json\/wp\/v2\/pages\/4375\/revisions\/7649"}],"wp:attachment":[{"href":"https:\/\/oldaxyz.kinsta.cloud\/us\/wp-json\/wp\/v2\/media?parent=4375"}],"curies":[{"name":"wp","href":"https:\/\/api.w.org\/{rel}","templated":true}]}}