{"id":4373,"date":"2016-11-15T10:21:23","date_gmt":"2016-11-15T10:21:23","guid":{"rendered":"https:\/\/oldaxyz.kinsta.cloud\/us\/?page_id=4373"},"modified":"2019-08-19T19:12:26","modified_gmt":"2019-08-19T18:12:26","slug":"oem-literature-pl","status":"publish","type":"page","link":"https:\/\/oldaxyz.kinsta.cloud\/us\/oem-literature-pl\/","title":{"rendered":"O.E.M Literature &#8211; Polish"},"content":{"rendered":"<h1>Instrukcje dotycz\u0105ce OEM<\/h1>\n<hr \/>\n<div id=\"ctaccordion\">\n<h2>AVS &#8211; System wizji AXYZ<\/h2>\n<div class=\"content\">Prosimy sprawdzi\u0107 instrukcj\u0119 obs\u0142ugi, aby zapozna\u0107 si\u0119 z konfiguracj\u0105 i stosowaniem systemu wizji AVS AXYZ. Prosimy o kontakt z dzia\u0142em pomocy technicznej, je\u015bli nadal wyst\u0119puj\u0105 problemy.<a style=\"line-height: 1.6em;\" href=\"https:\/\/oldaxyz.kinsta.cloud\/us\/wp-content\/uploads\/sites\/2\/2016\/12\/avs_manual.pdf\" target=\"_blank\" rel=\"noopener\">Pobierz instrukcj\u0119 obs\u0142ugi.<\/a><\/div>\n<h2>Pompa pr\u00f3\u017cniowa Bush<\/h2>\n<div class=\"content\">Prosimy sprawdzi\u0107 instrukcj\u0119 obs\u0142ugi, aby zapozna\u0107 si\u0119 z konfiguracj\u0105 i stosowaniem pompy pr\u00f3\u017cniowej Bush. Prosimy o kontakt z dzia\u0142em pomocy technicznej, je\u015bli nadal wyst\u0119puj\u0105 problemy. <a href=\"https:\/\/oldaxyz.kinsta.cloud\/us\/wp-content\/uploads\/sites\/2\/2016\/12\/busch-vacuum-pump-manual.pdf\" target=\"_blank\" rel=\"noopener\">Pobierz instrukcj\u0119 obs\u0142ugi.<\/a><\/div>\n<h2>Wiert\u0142a DeSoutter<\/h2>\n<div class=\"content\">Prosimy sprawdzi\u0107 instrukcj\u0119 obs\u0142ugi, aby zapozna\u0107 si\u0119 z konfiguracj\u0105 i stosowaniem wierte\u0142 DeSoutter. Prosimy o kontakt z dzia\u0142em pomocy technicznej, je\u015bli nadal wyst\u0119puj\u0105 problemy. Pobierz <a href=\"https:\/\/oldaxyz.kinsta.cloud\/us\/wp-content\/uploads\/sites\/2\/2016\/12\/Desoutter-drills-pneumatic-manual.pdf\" target=\"_blank\" rel=\"noopener\">pneumatyczne instrukcje obs\u0142ugi <\/a>lub <a href=\"https:\/\/oldaxyz.kinsta.cloud\/us\/wp-content\/uploads\/sites\/2\/2016\/12\/Desoutter-drills-electric-manual.pdf\" target=\"_blank\" rel=\"noopener\">elektryczne instrukcje obs\u0142ugi<\/a>.<\/div>\n<h2>Wrzeciono Elte<\/h2>\n<div class=\"content\">Prosimy sprawdzi\u0107 instrukcj\u0119 obs\u0142ugi, aby zapozna\u0107 si\u0119 z konfiguracj\u0105 i stosowaniem wrzeciona Elte. Prosimy o kontakt z dzia\u0142em pomocy technicznej, je\u015bli nadal wyst\u0119puj\u0105 problemy. <a href=\"https:\/\/oldaxyz.kinsta.cloud\/us\/wp-content\/uploads\/sites\/2\/2016\/12\/elte_manual.pdf\" target=\"_blank\" rel=\"noopener\">Pobierz instrukcj\u0119 obs\u0142ugi.<\/a><\/div>\n<h2>Wrzeciono HSD<\/h2>\n<div class=\"content\">Prosimy sprawdzi\u0107 instrukcj\u0119 obs\u0142ugi, aby zapozna\u0107 si\u0119 z konfiguracj\u0105 i stosowaniem wrzeciona HSD. Prosimy o kontakt z dzia\u0142em pomocy technicznej, je\u015bli nadal wyst\u0119puj\u0105 problemy.<\/div>\n<h2>Plazma<\/h2>\n<div class=\"content\">Prosimy sprawdzi\u0107 instrukcj\u0119 obs\u0142ugi, aby zapozna\u0107 si\u0119 z konfiguracj\u0105 i stosowaniem systemu plazmy. Prosimy o kontakt z dzia\u0142em pomocy technicznej, je\u015bli nadal wyst\u0119puj\u0105 problemy.<\/div>\n<h2>Dmuchawa Republic<\/h2>\n<div class=\"content\">Prosimy sprawdzi\u0107 instrukcj\u0119 obs\u0142ugi, aby zapozna\u0107 si\u0119 z konfiguracj\u0105 i stosowaniem dmuchawy Republic. Prosimy o kontakt z dzia\u0142em pomocy technicznej, je\u015bli nadal wyst\u0119puj\u0105 problemy. <a href=\"https:\/\/oldaxyz.kinsta.cloud\/us\/wp-content\/uploads\/sites\/2\/2016\/12\/regenerative_blower_owners_manual.pdf\" target=\"_blank\" rel=\"noopener\">Pobierz instrukcj\u0119 obs\u0142ugi.<\/a><\/div>\n<h2>SmartConsole<\/h2>\n<div class=\"content\">Prosimy sprawdzi\u0107 instrukcj\u0119 obs\u0142ugi, aby zapozna\u0107 si\u0119 z konfiguracj\u0105 i stosowaniem konsoli Smart. Prosimy o kontakt z dzia\u0142em pomocy technicznej, je\u015bli nadal wyst\u0119puj\u0105 problemy. <a href=\"https:\/\/oldaxyz.kinsta.cloud\/us\/wp-content\/uploads\/sites\/2\/2016\/11\/axyz_smartconsole.pdf\" target=\"_blank\" rel=\"noopener\">Pobierz instrukcj\u0119 obs\u0142ugi.<\/a><\/div>\n<h2>Sterownik silnika skokowego<\/h2>\n<div class=\"content\">Prosimy sprawdzi\u0107 instrukcj\u0119 obs\u0142ugi, aby zapozna\u0107 si\u0119 z konfiguracj\u0105 i stosowaniem uk\u0142adu sterowania silnika skokowego. Prosimy o kontakt z dzia\u0142em pomocy technicznej, je\u015bli nadal wyst\u0119puj\u0105 problemy. Pobierz instrukcj\u0119 obs\u0142ugi sterownika silnika skokowego <a href=\"https:\/\/oldaxyz.kinsta.cloud\/us\/wp-content\/uploads\/sites\/2\/2016\/12\/6410-stepper-drive-manual.pdf\" target=\"_blank\" rel=\"noopener\">Pac-Sci 6410 <\/a> lub <a href=\"https:\/\/oldaxyz.kinsta.cloud\/us\/wp-content\/uploads\/sites\/2\/2016\/12\/a2-stepper-drive-manual.pdf\">instrukcj\u0119 obs\u0142ugi sterownika silnika skokowego A2.<\/a><\/div>\n<h2>Rozpraszacz Unist<\/h2>\n<div class=\"content\">Prosimy sprawdzi\u0107 instrukcj\u0119 obs\u0142ugi, aby zapozna\u0107 si\u0119 z konfiguracj\u0105 i stosowaniem systemu rozpraszacza Unist. Prosimy o kontakt z dzia\u0142em pomocy technicznej, je\u015bli nadal wyst\u0119puj\u0105 problemy. <a href=\"https:\/\/oldaxyz.kinsta.cloud\/us\/wp-content\/uploads\/sites\/2\/2016\/12\/unist-mister-manual.pdf\" target=\"_blank\" rel=\"noopener\">Pobierz instrukcj\u0119 obs\u0142ugi.<\/a><\/div>\n<h2>Falownik Vacon X4<\/h2>\n<div class=\"content\">Prosimy sprawdzi\u0107 instrukcj\u0119 obs\u0142ugi, aby zapozna\u0107 si\u0119 z konfiguracj\u0105 i stosowaniem falownika Vacon X4. Prosimy o kontakt z dzia\u0142em pomocy technicznej, je\u015bli nadal wyst\u0119puj\u0105 problemy. <a href=\"https:\/\/oldaxyz.kinsta.cloud\/us\/wp-content\/uploads\/sites\/2\/2016\/12\/x4-manual.pdf\" target=\"_blank\" rel=\"noopener\">Pobierz instrukcj\u0119 obs\u0142ugi.<\/a><\/div>\n<\/div>\n","protected":false},"excerpt":{"rendered":"<p>Instrukcje dotycz\u0105ce OEM AVS &#8211; System wizji AXYZ Prosimy sprawdzi\u0107 instrukcj\u0119 obs\u0142ugi, aby zapozna\u0107 si\u0119 z konfiguracj\u0105 i stosowaniem systemu wizji AVS AXYZ. Prosimy o kontakt z dzia\u0142em pomocy technicznej, je\u015bli nadal wyst\u0119puj\u0105 problemy.Pobierz instrukcj\u0119 obs\u0142ugi. Pompa pr\u00f3\u017cniowa Bush Prosimy sprawdzi\u0107 instrukcj\u0119 obs\u0142ugi, aby zapozna\u0107 si\u0119 z konfiguracj\u0105 i stosowaniem pompy pr\u00f3\u017cniowej Bush. Prosimy o <a class=\"moretag\" href=\"https:\/\/oldaxyz.kinsta.cloud\/us\/oem-literature-pl\/\">[read more&#8230;]<\/a><\/p>\n","protected":false},"author":6,"featured_media":0,"parent":0,"menu_order":0,"comment_status":"closed","ping_status":"closed","template":"page-fullwidth.php","meta":[],"_links":{"self":[{"href":"https:\/\/oldaxyz.kinsta.cloud\/us\/wp-json\/wp\/v2\/pages\/4373"}],"collection":[{"href":"https:\/\/oldaxyz.kinsta.cloud\/us\/wp-json\/wp\/v2\/pages"}],"about":[{"href":"https:\/\/oldaxyz.kinsta.cloud\/us\/wp-json\/wp\/v2\/types\/page"}],"author":[{"embeddable":true,"href":"https:\/\/oldaxyz.kinsta.cloud\/us\/wp-json\/wp\/v2\/users\/6"}],"replies":[{"embeddable":true,"href":"https:\/\/oldaxyz.kinsta.cloud\/us\/wp-json\/wp\/v2\/comments?post=4373"}],"version-history":[{"count":5,"href":"https:\/\/oldaxyz.kinsta.cloud\/us\/wp-json\/wp\/v2\/pages\/4373\/revisions"}],"predecessor-version":[{"id":7648,"href":"https:\/\/oldaxyz.kinsta.cloud\/us\/wp-json\/wp\/v2\/pages\/4373\/revisions\/7648"}],"wp:attachment":[{"href":"https:\/\/oldaxyz.kinsta.cloud\/us\/wp-json\/wp\/v2\/media?parent=4373"}],"curies":[{"name":"wp","href":"https:\/\/api.w.org\/{rel}","templated":true}]}}