{"id":4371,"date":"2016-11-15T10:20:52","date_gmt":"2016-11-15T10:20:52","guid":{"rendered":"https:\/\/oldaxyz.kinsta.cloud\/us\/?page_id=4371"},"modified":"2019-08-19T19:11:42","modified_gmt":"2019-08-19T18:11:42","slug":"oem-literature-fr","status":"publish","type":"page","link":"https:\/\/oldaxyz.kinsta.cloud\/us\/oem-literature-fr\/","title":{"rendered":"O.E.M Literature &#8211; French"},"content":{"rendered":"<h1>Documents des \u00e9quipements d&#8217;origine<\/h1>\n<hr \/>\n<div id=\"ctaccordion\">\n<h2>AVS &#8211; AXYZ Vision System<\/h2>\n<div class=\"content\">Veuillez consulter le manuel de configuration et d&#8217;utilisation de votre AXYZ AVS Vision System. Veuillez contacter l&#8217;assistance technique si les probl\u00e8mes persistent. <a style=\"line-height: 1.6em;\" href=\"https:\/\/oldaxyz.kinsta.cloud\/us\/wp-content\/uploads\/sites\/2\/2016\/12\/avs_manual.pdf\" target=\"_blank\" rel=\"noopener\">T\u00e9l\u00e9chargez le manuel.<\/a><\/div>\n<h2>Pompe \u00e0 vide Busch<\/h2>\n<div class=\"content\">Veuillez consulter le manuel de configuration et d&#8217;utilisation de votre pompe \u00e0 vide Busch. Veuillez contacter l&#8217;assistance technique si les probl\u00e8mes persistent. <a href=\"https:\/\/oldaxyz.kinsta.cloud\/us\/wp-content\/uploads\/sites\/2\/2016\/12\/busch-vacuum-pump-manual.pdf\" target=\"_blank\" rel=\"noopener\">T\u00e9l\u00e9chargez le manuel<\/a><\/div>\n<h2>Perceuses DeSoutter<\/h2>\n<div class=\"content\">Veuillez consulter le manuel de configuration et d&#8217;utilisation de vos perceuses DeSoutter. Veuillez contacter l&#8217;assistance technique si les probl\u00e8mes persistent. <a href=\"https:\/\/oldaxyz.kinsta.cloud\/us\/wp-content\/uploads\/sites\/2\/2016\/12\/Desoutter-drills-pneumatic-manual.pdf\" target=\"_blank\" rel=\"noopener\">manuelle pneumatique <\/a> ou <a href=\"https:\/\/oldaxyz.kinsta.cloud\/us\/wp-content\/uploads\/sites\/2\/2016\/12\/Desoutter-drills-electric-manual.pdf\" target=\"_blank\" rel=\"noopener\">manuelle \u00e9lectrique<\/a><\/div>\n<h2><\/h2>\n<h2>Broche Elte<\/h2>\n<div class=\"content\">Veuillez consulter le manuel de configuration et d&#8217;installation de votre broche Elte. Veuillez contacter l&#8217;assistance technique si les probl\u00e8mes persistent.<a href=\"https:\/\/oldaxyz.kinsta.cloud\/us\/wp-content\/uploads\/sites\/2\/2016\/12\/elte_manual.pdf\" target=\"_blank\" rel=\"noopener\">T\u00e9l\u00e9chargez le manuel.<\/a><\/div>\n<h2><\/h2>\n<h2>Broche HSD<\/h2>\n<div class=\"content\">Veuillez consulter le manuel de configuration et d&#8217;installation de votre broche HSD. Veuillez contacter l&#8217;assistance technique si les probl\u00e8mes persistent.<\/div>\n<h2>Plasma<\/h2>\n<div class=\"content\">Veuillez consulter le manuel de configuration et d&#8217;installation de votre syst\u00e8me plasma. Veuillez contacter l&#8217;assistance technique si les probl\u00e8mes persistent.<\/div>\n<h2>Souffleur Republic<\/h2>\n<div class=\"content\">Veuillez consulter le manuel de configuration et d&#8217;utilisation de votre souffleur Republic. Veuillez contacter l&#8217;assistance technique si les probl\u00e8mes persistent. <a href=\"https:\/\/oldaxyz.kinsta.cloud\/us\/wp-content\/uploads\/sites\/2\/2016\/12\/regenerative_blower_owners_manual.pdf\" target=\"_blank\" rel=\"noopener\">T\u00e9l\u00e9chargez le manuel.<\/a><\/div>\n<h2>SmartConsole<\/h2>\n<div class=\"content\">Veuillez consulter le manuel de configuration et d&#8217;installation de votre SmartConsole. Veuillez contacter l&#8217;assistance technique si les probl\u00e8mes persistent. <a href=\"https:\/\/oldaxyz.kinsta.cloud\/us\/wp-content\/uploads\/sites\/2\/2016\/11\/axyz_smartconsole.pdf\" target=\"_blank\" rel=\"noopener\">T\u00e9l\u00e9chargez le manuel.<\/a><\/div>\n<h2>Entra\u00eenement moteur pas-\u00e0-pas<\/h2>\n<div class=\"content\">Veuillez consulter le manuel de configuration et d&#8217;installation de votre syst\u00e8me d&#8217;entra\u00eenement moteur pas-\u00e0-pas. Veuillez contacter l&#8217;assistance technique si les probl\u00e8mes persistent. T\u00e9l\u00e9chargez le manuel <a href=\"https:\/\/oldaxyz.kinsta.cloud\/us\/wp-content\/uploads\/sites\/2\/2016\/12\/6410-stepper-drive-manual.pdf\" target=\"_blank\" rel=\"noopener\">moteur pas-\u00e0-pas Pac-Sci 6410 <\/a> ou <a href=\"https:\/\/oldaxyz.kinsta.cloud\/us\/wp-content\/uploads\/sites\/2\/2016\/12\/a2-stepper-drive-manual.pdf\">le manuel d&#8217;entra\u00eenement du moteur pas-\u00e0-pas A2.<\/a><\/div>\n<h2>N\u00e9buliseur Unist<\/h2>\n<div class=\"content\">Veuillez consulter le manuel de configuration et d&#8217;installation de votre n\u00e9buliseur Unist. Veuillez contacter l&#8217;assistance technique si les probl\u00e8mes persistent.<a href=\"https:\/\/oldaxyz.kinsta.cloud\/us\/wp-content\/uploads\/sites\/2\/2016\/12\/unist-mister-manual.pdf\" target=\"_blank\" rel=\"noopener\">T\u00e9l\u00e9chargez le manuel.<\/a><\/div>\n<h2>Onduleur Vacon X4<\/h2>\n<div class=\"content\">Veuillez consulter le manuel de configuration et d&#8217;installation de votre onduleur Vacon X4. Veuillez contacter l&#8217;assistance technique si les probl\u00e8mes persistent. <a href=\"https:\/\/oldaxyz.kinsta.cloud\/us\/wp-content\/uploads\/sites\/2\/2016\/12\/x4-manual.pdf\" target=\"_blank\" rel=\"noopener\">T\u00e9l\u00e9chargez le manuel.<\/a><\/div>\n<\/div>\n","protected":false},"excerpt":{"rendered":"<p>Documents des \u00e9quipements d&#8217;origine AVS &#8211; AXYZ Vision System Veuillez consulter le manuel de configuration et d&#8217;utilisation de votre AXYZ AVS Vision System. Veuillez contacter l&#8217;assistance technique si les probl\u00e8mes persistent. T\u00e9l\u00e9chargez le manuel. Pompe \u00e0 vide Busch Veuillez consulter le manuel de configuration et d&#8217;utilisation de votre pompe \u00e0 vide Busch. Veuillez contacter l&#8217;assistance <a class=\"moretag\" href=\"https:\/\/oldaxyz.kinsta.cloud\/us\/oem-literature-fr\/\">[read more&#8230;]<\/a><\/p>\n","protected":false},"author":6,"featured_media":0,"parent":0,"menu_order":0,"comment_status":"closed","ping_status":"closed","template":"page-fullwidth.php","meta":[],"_links":{"self":[{"href":"https:\/\/oldaxyz.kinsta.cloud\/us\/wp-json\/wp\/v2\/pages\/4371"}],"collection":[{"href":"https:\/\/oldaxyz.kinsta.cloud\/us\/wp-json\/wp\/v2\/pages"}],"about":[{"href":"https:\/\/oldaxyz.kinsta.cloud\/us\/wp-json\/wp\/v2\/types\/page"}],"author":[{"embeddable":true,"href":"https:\/\/oldaxyz.kinsta.cloud\/us\/wp-json\/wp\/v2\/users\/6"}],"replies":[{"embeddable":true,"href":"https:\/\/oldaxyz.kinsta.cloud\/us\/wp-json\/wp\/v2\/comments?post=4371"}],"version-history":[{"count":4,"href":"https:\/\/oldaxyz.kinsta.cloud\/us\/wp-json\/wp\/v2\/pages\/4371\/revisions"}],"predecessor-version":[{"id":7646,"href":"https:\/\/oldaxyz.kinsta.cloud\/us\/wp-json\/wp\/v2\/pages\/4371\/revisions\/7646"}],"wp:attachment":[{"href":"https:\/\/oldaxyz.kinsta.cloud\/us\/wp-json\/wp\/v2\/media?parent=4371"}],"curies":[{"name":"wp","href":"https:\/\/api.w.org\/{rel}","templated":true}]}}