{"id":960,"date":"2016-08-31T15:14:26","date_gmt":"2016-08-31T14:14:26","guid":{"rendered":"https:\/\/oldaxyz.kinsta.cloud\/test-es-test\/accessibility-standard-for-axyz-international\/"},"modified":"2018-03-12T11:05:44","modified_gmt":"2018-03-12T11:05:44","slug":"accesibilidad","status":"publish","type":"page","link":"https:\/\/oldaxyz.kinsta.cloud\/es\/accesibilidad\/","title":{"rendered":"Accessibility"},"content":{"rendered":"<p>interesados incluyendo nuestro clientes y usuarios, empleados, solicitantes de empleo, proveedores y visitantes puedan ingresar a cualquiera de nuestros locales, acceder a nuestra informaci\u00f3n o utilizar nuestros servicios.<\/p>\n<p>Como organizaci\u00f3n, respetamos y defendemos los requerimientos establecidos en la Ley de Accesibilidad para los Habitantes de Ontario con Discapacidades (AODA), la Ley de Americanos con Discapacidades (ADA) y la Ley de Discriminaci\u00f3n por Discapacidad (DDA).<\/p>\n<p>Nos aseguraremos de que nuestros empleados est\u00e9n capacitados y familiarizados con los clientes que utilizan varios dispositivos de asistencia. Nuestro personal se comunicar\u00e1 con las personas con discapacidad, de manera que se tenga en cuenta su discapacidad. Acogemos a las personas con discapacidades y a sus animales de servicio. Una persona con discapacidad, acompa\u00f1ada por una persona de apoyo ser\u00e1 bienvenida en cualquiera de nuestras oficinas.<\/p>\n<p>AXYZ Internacional comprende que tiene la responsabilidad de asegurar un ambiente seguro, digno y acogedor para todos. Estamos comprometidos en asegurar que nuestra organizaci\u00f3n cumpla con las normativas de AODA, ADA y DDA incorporando la accesibilidad y la legislaci\u00f3n no discriminatoria en nuestras pol\u00edticas, procedimientos, requisitos de equipo, capacitaci\u00f3n y mejores pr\u00e1cticas. Revisaremos anualmente estas pol\u00edticas y pr\u00e1cticas, al producirse cambios en la organizci\u00f3n, o en previsi\u00f3n de plazos de cumplimiento. Adem\u00e1s, nos esforzaremos para satisfacer las necesidades de las personas con discapacidad de manera oportuna y eficaz.<\/p>\n<p>Proporcionar un entorno accesible, sin barreras, y receptivo es un esfuerzo compartido, y como organizaci\u00f3n, AXYZ Internacional est\u00e1 comprometida a trabajar con las partes necesarias para hacer que la accesibilidad para todos sea una realidad.<\/p>\n<p>Los clientes que deseen proporcionar informaci\u00f3n o que requieran de m\u00e1s informaci\u00f3n sobre la forma c\u00f3mo AXYZ Internacional ofrece bienes y servicios a las personas con discapacidad, puedan ponerse en contacto con nosotros a trav\u00e9s del correo electr\u00f3nico hr@axyz.com, o por tel\u00e9fono (llamada gratuita) al 1 800 361 3408.<\/p>\n<p>Para obtener m\u00e1s informaci\u00f3n acerca del AXYZ plan de m\u00faltiples a\u00f1os y hacer AXYZ Internacional un entorno m\u00e1s accesible para todos, por favor haga clic <a href=\"http:\/\/www.axyz.co.uk\/wp-content\/uploads\/sites\/3\/2016\/11\/axyz-multi-year-plan.pdf\" target=\"_blank\" rel=\"noopener\">AQU\u00cd<\/a>.<\/p>\n","protected":false},"excerpt":{"rendered":"<p>interesados incluyendo nuestro clientes y usuarios, empleados, solicitantes de empleo, proveedores y visitantes puedan ingresar a cualquiera de nuestros locales, acceder a nuestra informaci\u00f3n o utilizar nuestros servicios. Como organizaci\u00f3n, respetamos y defendemos los requerimientos establecidos en la Ley de Accesibilidad para los Habitantes de Ontario con Discapacidades (AODA), la Ley de Americanos con Discapacidades <a class=\"moretag\" href=\"https:\/\/oldaxyz.kinsta.cloud\/es\/accesibilidad\/\">[read more&#8230;]<\/a><\/p>\n","protected":false},"author":6,"featured_media":961,"parent":0,"menu_order":0,"comment_status":"closed","ping_status":"closed","template":"page-fullwidth.php","meta":[],"_links":{"self":[{"href":"https:\/\/oldaxyz.kinsta.cloud\/es\/wp-json\/wp\/v2\/pages\/960"}],"collection":[{"href":"https:\/\/oldaxyz.kinsta.cloud\/es\/wp-json\/wp\/v2\/pages"}],"about":[{"href":"https:\/\/oldaxyz.kinsta.cloud\/es\/wp-json\/wp\/v2\/types\/page"}],"author":[{"embeddable":true,"href":"https:\/\/oldaxyz.kinsta.cloud\/es\/wp-json\/wp\/v2\/users\/6"}],"replies":[{"embeddable":true,"href":"https:\/\/oldaxyz.kinsta.cloud\/es\/wp-json\/wp\/v2\/comments?post=960"}],"version-history":[{"count":3,"href":"https:\/\/oldaxyz.kinsta.cloud\/es\/wp-json\/wp\/v2\/pages\/960\/revisions"}],"predecessor-version":[{"id":1568,"href":"https:\/\/oldaxyz.kinsta.cloud\/es\/wp-json\/wp\/v2\/pages\/960\/revisions\/1568"}],"wp:featuredmedia":[{"embeddable":true,"href":"https:\/\/oldaxyz.kinsta.cloud\/es\/wp-json\/wp\/v2\/media\/961"}],"wp:attachment":[{"href":"https:\/\/oldaxyz.kinsta.cloud\/es\/wp-json\/wp\/v2\/media?parent=960"}],"curies":[{"name":"wp","href":"https:\/\/api.w.org\/{rel}","templated":true}]}}