{"id":958,"date":"2016-08-31T15:18:04","date_gmt":"2016-08-31T14:18:04","guid":{"rendered":"https:\/\/oldaxyz.kinsta.cloud\/test-es-test\/about-us\/"},"modified":"2016-12-23T11:39:51","modified_gmt":"2016-12-23T11:39:51","slug":"acerca-de-axyz","status":"publish","type":"page","link":"https:\/\/oldaxyz.kinsta.cloud\/es\/acerca-de-axyz\/","title":{"rendered":"About Us"},"content":{"rendered":"<p style=\"text-align: left;\">AXYZ es un fabricante global l\u00edder de sistemas de ruteadoras CNC y sistemas de cuchillas CNC. Dise\u00f1ado y construido en su f\u00e1brica de vanguardia en Canad\u00e1, las ruteadoras CNC de AXYZ son suministradas y cuentan con el respaldo de una red global de oficinas de venta y soporte t\u00e9cnico y distribuidores autorizados. Con m\u00e1s de 366.918\u00a0configuraciones est\u00e1ndares de la m\u00e1quina, AXYZ se especializa en ajustar las m\u00e1quinas para que satisfagan las necesidades y los presupuestos \u00fanicos de los clientes.<\/p>\n<p style=\"text-align: left;\">Todos los tipos de operaciones de fabricaci\u00f3n aprovechan la tecnolog\u00eda de AXYZ desarrollada a lo largo de m\u00e1s de 25\u00a0a\u00f1os en la industria, tal como revestimiento compuesto de aluminio y metal, fabricaci\u00f3n de carteles, acabado de gr\u00e1ficos e impresi\u00f3n, ebanister\u00eda, trabajos en madera, fabricaci\u00f3n en pl\u00e1sticos, fabricaci\u00f3n en metal, empaque de espuma, punto de compra, superficie s\u00f3lida y mucho m\u00e1s.<\/p>\n<h2 style=\"text-align: left;\"><\/h2>\n<h2 style=\"text-align: left;\">DESDE ENTONCES HASTA AHORA<\/h2>\n<p>Fundada en 1990, AXYZ inicialmente se estableci\u00f3 como una compa\u00f1\u00eda de servicios, que instalaba y reparaba varias marcas de ruteadoras CNC. No fue hasta 1994 que AXYZ comenz\u00f3 a fabricar sus propias ruteadoras CNC cuando se reubic\u00f3 en una nueva sede principal en Burlington, Canad\u00e1. La producci\u00f3n era lenta al inicio, pero las ventas y el servicio obligaron a la empresa a crecer r\u00e1pidamente y establecer un alcance global con oficinas adicionales en Quebec y el Reino Unido.<\/p>\n<p>Para 1999, AXYZ hab\u00eda abierto una oficina en Polonia, lo que mejor\u00f3 su alcance global. En 2001, AXYZ ya hab\u00eda vendido 1000\u00a0m\u00e1quinas, y de esta manera expandi\u00f3 su oficina de ventas y soporte t\u00e9cnico del Reino Unido. Tres a\u00f1os despu\u00e9s, AXYZ hab\u00eda vendido 2000\u00a0m\u00e1quinas y hab\u00eda abierto oficinas en India y los Estados Unidos. Un crecimiento a\u00fan mayor vio a AXYZ adquirir Pacer Systems en el Reino Unido y Camtech International con sede en Calgary en 2006 y 2007. Poco tiempo despu\u00e9s, AXYZ lanz\u00f3 su innovador controlador de m\u00e1quinas A2MC, lo que llev\u00f3 a las m\u00e1quinas CNC al siguiente nivel.<\/p>\n<p>Para 2010, AXYZ ten\u00eda once oficinas en todo el mundo, que inclu\u00edan: Burlington, Montreal, Calgary, Vancouver, Los \u00c1ngeles, Cincinnati, Atlanta, Wolverhampton, Nottingham, India y Polonia. El mismo a\u00f1o vio a AXYZ vender su m\u00e1quina de la serie 4000 que fue a un cliente en Edmonton, Alberta. Cuatro a\u00f1os despu\u00e9s, era ideal que AXYZ celebrara 20\u00a0a\u00f1os de fabricaci\u00f3n con la venta de la m\u00e1quina n\u00famero 5000 de AXYZ.<\/p>\n<p>AXYZ continu\u00f3 expandi\u00e9ndose y recientemente construy\u00f3 nuevas instalaciones expresamente dise\u00f1adas en Telford, Reino Unido, donde lanz\u00f3 un nuevo sistema de m\u00e1quinas h\u00edbridas llamado la serie Trident y abri\u00f3 una nueva oficina de ventas y soporte t\u00e9cnico en Tampa, Florida y Somerset, Nueva Jersey.<\/p>\n<p>AXYZ ahora se ha establecido como un l\u00edder mundial en lo que respecta a la provisi\u00f3n de soluciones de grabado, corte de cuchilla y ruteado CNC de gran rendimiento, vers\u00e1tiles, configurables y revolucionarias. Sin embargo, el crecimiento exponencial durante un per\u00edodo de 25\u00a0a\u00f1os no se alcanz\u00f3 por capricho. AXYZ cre\u00eda firmemente en tres principios clave: ser r\u00e1pido, flexible y directo, principios que hasta ahora guiaron a la compa\u00f1\u00eda por el buen camino.<\/p>\n<h2><\/h2>\n<h2>\u00bfQU\u00c9 HACE QUE SEAMOS R\u00c1PIDOS?<\/h2>\n<p>AXYZ ha cambiado todo el concepto de velocidad, especialmente cuando entrega una m\u00e1quina personalizada. En la d\u00e9cada de 1990, la construcci\u00f3n y la entrega de una m\u00e1quina pod\u00edan demorar treinta semanas o m\u00e1s. En 2015, con sus excepcionales procesos de fabricaci\u00f3n, AXYZ ofrece los tiempos m\u00e1s cortos de fabricaci\u00f3n en la industria, los cuales promedian las 4 a 6\u00a0semanas.<\/p>\n<p>Todos los sistemas de ruteadoras CNC de AXYZ est\u00e1n dise\u00f1adas, fabricadas y entregadas para cumplir con sus plazos exactos. \u00bfC\u00f3mo la pide? Desde el principio los clientes notar\u00e1n su enfoque sistem\u00e1tico para encontrar la soluci\u00f3n correcta. Una evaluaci\u00f3n minuciosa de las necesidades organizativas formula una soluci\u00f3n personalizada. Un flujo de trabajo claro significa que sus instalaciones de construcci\u00f3n de m\u00e1quinas de vanguardia, ayudadas por procesos de fabricaci\u00f3n \u00fanicos pueden construir el sistema de manera tan r\u00e1pida y eficiente como sea posible.<\/p>\n<p>Luego, un ingeniero de AXYZ capacitado en la f\u00e1brica entrega e instala el nuevo sistema, y proporciona un programa de capacitaci\u00f3n personalizado dirigido a la configuraci\u00f3n \u00fanica de la m\u00e1quina.<\/p>\n<h2><\/h2>\n<h2>\u00bfQU\u00c9 HACE QUE SEAMOS FLEXIBLES?<\/h2>\n<p>Una de las mayores fortalezas de AXYZ es la capacidad de configurar una m\u00e1quina para adaptarse casi a cualquier necesidad de fabricaci\u00f3n espec\u00edfica desde proyectos \u00fanicos hasta fabricaci\u00f3n de gran volumen. El ingenio de sus departamentos de fabricaci\u00f3n e ingenier\u00eda permite tener libertad final. La capacidad para producir su propio controlador de m\u00e1quinas ha hecho posible lo imposible, lo que benefici\u00f3 tanto a los clientes nuevos como a los existentes.<\/p>\n<p>Con esto dicho, AXYZ ofrece un rango de configuraciones para cumplir con casi cualquier requisito de las aplicaciones y, a pesar de su flexibilidad, sus procesos refinados han garantizado que la calidad no se vea comprometida.<\/p>\n<p>Empezando por las \u00e1reas de proceso, AXYZ ofrece su m\u00e1quina m\u00e1s compacta en su totalidad, la serie 2000 de AXYZ. Perfecta para clientes con espacio limitado en su taller, la serie 2000 ofrece un ancho de procesamiento de 71,12\u00a0cm (28&#8243;), mientras que la m\u00e1quina est\u00e1ndar m\u00e1s grande, de la serie 1000 ofrece un \u00e1rea de procesamiento enorme de 3,25\u00a0m (128&#8243;) de ancho, las cuales pueden especificarse hasta 1,52\u00a0m (50\u00a0pies) de largo.<\/p>\n<p>No solo tiene el lujo de elegir el tama\u00f1o de la cama sino que tambi\u00e9n puede especificar un carro de cabezal simple, doble o incluso triple para manejar m\u00faltiples operaciones.\u00a0Considerando el rango de cabezales de corte que pueden utilizarse: husillos de la ruteadora, unidades de cuchillas, taladros y m\u00e1s, y todas las formas en las cuales pueden organizarse en la m\u00e1quina ya sea con o sin un cambiador autom\u00e1tico de herramientas, y todas las dem\u00e1s funciones opcionales: las posibilidades son casi infinitas.<\/p>\n<p>Habiendo dicho esto, los miembros del departamento de ingenier\u00eda est\u00e1n continuamente trabajando en nuevos desarrollos, y siempre hay algo nuevo a la vuelta de la esquina.<\/p>\n<h2><\/h2>\n<h2>\u00bfQU\u00c9 HACE QUE SEAMOS DIRECTOS?<\/h2>\n<p>El equipo de AXYZ cree que para lograr el \u00e9xito continuo es fundamental mantenerse en contacto con sus clientes. Tal es as\u00ed que tienen oficinas de ventas y servicio t\u00e9cnico en Canad\u00e1, Estados Unidos, el Reino Unido, Polonia e India, lo que les permite interactuar directamente con m\u00e1s del 90\u00a0% de sus clientes.<\/p>\n<p>El contacto directo, ya sea f\u00edsico, por tel\u00e9fono o por Internet, hace que sea f\u00e1cil visitar, investigar y comprar una ruteadora CNC, y que el servicio posterior a las ventas sea m\u00e1s accesible e invariablemente mejor. Cada una de las once ubicaciones tiene representantes de ventas dedicados que tienen las habilidades y el conocimiento para proporcionar demostraciones de productos individuales, especialmente dise\u00f1adas, para tranquilizarlo y responder sus preguntas en un lugar c\u00f3modo y cercano. El departamento de servicios postventa que opera bajo la marca CNCRoutershop cuenta con ingenieros capacitados en la f\u00e1brica a mano en cada lugar listos para responder, mientras que su tienda en Internet, que funciona las 24\u00a0horas del d\u00eda, los 7\u00a0d\u00edas de la semana ofrece repuestos, software y soporte t\u00e9cnico en l\u00ednea, lo que significa que usted est\u00e1 en contacto directo con la f\u00e1brica.<\/p>\n","protected":false},"excerpt":{"rendered":"<p>AXYZ es un fabricante global l\u00edder de sistemas de ruteadoras CNC y sistemas de cuchillas CNC. Dise\u00f1ado y construido en su f\u00e1brica de vanguardia en Canad\u00e1, las ruteadoras CNC de AXYZ son suministradas y cuentan con el respaldo de una red global de oficinas de venta y soporte t\u00e9cnico y distribuidores autorizados. Con m\u00e1s de <a class=\"moretag\" href=\"https:\/\/oldaxyz.kinsta.cloud\/es\/acerca-de-axyz\/\">[read more&#8230;]<\/a><\/p>\n","protected":false},"author":6,"featured_media":959,"parent":0,"menu_order":0,"comment_status":"closed","ping_status":"closed","template":"page-fullwidth.php","meta":[],"_links":{"self":[{"href":"https:\/\/oldaxyz.kinsta.cloud\/es\/wp-json\/wp\/v2\/pages\/958"}],"collection":[{"href":"https:\/\/oldaxyz.kinsta.cloud\/es\/wp-json\/wp\/v2\/pages"}],"about":[{"href":"https:\/\/oldaxyz.kinsta.cloud\/es\/wp-json\/wp\/v2\/types\/page"}],"author":[{"embeddable":true,"href":"https:\/\/oldaxyz.kinsta.cloud\/es\/wp-json\/wp\/v2\/users\/6"}],"replies":[{"embeddable":true,"href":"https:\/\/oldaxyz.kinsta.cloud\/es\/wp-json\/wp\/v2\/comments?post=958"}],"version-history":[{"count":2,"href":"https:\/\/oldaxyz.kinsta.cloud\/es\/wp-json\/wp\/v2\/pages\/958\/revisions"}],"predecessor-version":[{"id":1138,"href":"https:\/\/oldaxyz.kinsta.cloud\/es\/wp-json\/wp\/v2\/pages\/958\/revisions\/1138"}],"wp:featuredmedia":[{"embeddable":true,"href":"https:\/\/oldaxyz.kinsta.cloud\/es\/wp-json\/wp\/v2\/media\/959"}],"wp:attachment":[{"href":"https:\/\/oldaxyz.kinsta.cloud\/es\/wp-json\/wp\/v2\/media?parent=958"}],"curies":[{"name":"wp","href":"https:\/\/api.w.org\/{rel}","templated":true}]}}