{"id":956,"date":"2016-10-28T13:43:25","date_gmt":"2016-10-28T12:43:25","guid":{"rendered":"https:\/\/oldaxyz.kinsta.cloud\/test-es-test\/a2mc-enterprise\/"},"modified":"2016-12-22T09:20:47","modified_gmt":"2016-12-22T09:20:47","slug":"a2mc-enterprise","status":"publish","type":"page","link":"https:\/\/oldaxyz.kinsta.cloud\/es\/a2mc-enterprise\/","title":{"rendered":"A2MC Enterprise"},"content":{"rendered":"<h2 style=\"text-align: center;\">INTERFAZ DE RUTEADORA CNC INTUITIVA Y F\u00c1CIL DE USAR<\/h2>\n<p style=\"text-align: center;\">\n<p style=\"text-align: center;\">A2MC Enterprise es una interfaz intuitiva basada en Windows, con un marco modular completamente nuevo que les permite a los usuarios conectarse con facilidad con m\u00faltiples m\u00e1quinas CNC.<\/p>\n<p style=\"text-align: center;\">Accionada por un sistema de administraci\u00f3n, el administrador de aplicaciones ofrece una plataforma singular para m\u00faltiples aplicaciones integrales y f\u00e1ciles de usar.<\/p>\n<p style=\"text-align: center;\">\n","protected":false},"excerpt":{"rendered":"<p>INTERFAZ DE RUTEADORA CNC INTUITIVA Y F\u00c1CIL DE USAR A2MC Enterprise es una interfaz intuitiva basada en Windows, con un marco modular completamente nuevo que les permite a los usuarios conectarse con facilidad con m\u00faltiples m\u00e1quinas CNC. Accionada por un sistema de administraci\u00f3n, el administrador de aplicaciones ofrece una plataforma singular para m\u00faltiples aplicaciones integrales <a class=\"moretag\" href=\"https:\/\/oldaxyz.kinsta.cloud\/es\/a2mc-enterprise\/\">[read more&#8230;]<\/a><\/p>\n","protected":false},"author":6,"featured_media":957,"parent":0,"menu_order":0,"comment_status":"closed","ping_status":"closed","template":"page-fullwidth.php","meta":[],"_links":{"self":[{"href":"https:\/\/oldaxyz.kinsta.cloud\/es\/wp-json\/wp\/v2\/pages\/956"}],"collection":[{"href":"https:\/\/oldaxyz.kinsta.cloud\/es\/wp-json\/wp\/v2\/pages"}],"about":[{"href":"https:\/\/oldaxyz.kinsta.cloud\/es\/wp-json\/wp\/v2\/types\/page"}],"author":[{"embeddable":true,"href":"https:\/\/oldaxyz.kinsta.cloud\/es\/wp-json\/wp\/v2\/users\/6"}],"replies":[{"embeddable":true,"href":"https:\/\/oldaxyz.kinsta.cloud\/es\/wp-json\/wp\/v2\/comments?post=956"}],"version-history":[{"count":2,"href":"https:\/\/oldaxyz.kinsta.cloud\/es\/wp-json\/wp\/v2\/pages\/956\/revisions"}],"predecessor-version":[{"id":1206,"href":"https:\/\/oldaxyz.kinsta.cloud\/es\/wp-json\/wp\/v2\/pages\/956\/revisions\/1206"}],"wp:featuredmedia":[{"embeddable":true,"href":"https:\/\/oldaxyz.kinsta.cloud\/es\/wp-json\/wp\/v2\/media\/957"}],"wp:attachment":[{"href":"https:\/\/oldaxyz.kinsta.cloud\/es\/wp-json\/wp\/v2\/media?parent=956"}],"curies":[{"name":"wp","href":"https:\/\/api.w.org\/{rel}","templated":true}]}}