{"id":954,"date":"2016-08-31T15:18:04","date_gmt":"2016-08-31T14:18:04","guid":{"rendered":"https:\/\/oldaxyz.kinsta.cloud\/test-es-test\/a2mc-controller\/"},"modified":"2016-12-22T09:18:01","modified_gmt":"2016-12-22T09:18:01","slug":"controlador-a2mc","status":"publish","type":"page","link":"https:\/\/oldaxyz.kinsta.cloud\/es\/controlador-a2mc\/","title":{"rendered":"A2MC Controller"},"content":{"rendered":"<h2 style=\"text-align: center;\">C\u00d3MO LLEVAR LOS SISTEMAS DE CONTROL DE M\u00c1QUINAS A UN NUEVO NIVEL<\/h2>\n<p>&nbsp;<\/p>\n<p style=\"text-align: justify;\">El controlador A2MC AXYZ ha llevado los sistemas de control de m\u00e1quinas a un nuevo nivel y ahora ofrece una de las capacidades de control de m\u00e1quinas m\u00e1s poderosas del mercado actual.<\/p>\n<p style=\"text-align: justify;\">El controlador A2MC ofrece un movimiento mucho m\u00e1s suave y r\u00e1pido basado en las trayectorias de la curva S (velocidad de siete segmentos). Este perfil de movimiento reduce el rebote y la vibraci\u00f3n creados a partir de una aceleraci\u00f3n o desaceleraci\u00f3n repentina en muchos otros sistemas de control. Tambi\u00e9n es completamente compatible con un c\u00f3digo NC, por lo que funcionar\u00e1 con casi cualquier paquete CAM conocido, incluidos Vectric, Artcam, Type 3, Enroute, AXYZ Panelbuilder, Cabinet Vision, Mastercam, Alphacam, entre otros.<\/p>\n<p style=\"text-align: justify;\">Desde un punto de vista operativo, el controlador A2MC est\u00e1 administrado por dos m\u00e9todos avanzados, f\u00e1ciles de usar y convenientes, la SmartConsole AXYZ y A2MC Enterprise.<\/p>\n<p style=\"text-align: justify;\">La SmartConsole le proporciona al operador caracter\u00edsticas f\u00e1ciles de usar y convenientes que est\u00e1n dirigidas a impulsar la productividad. No hay l\u00edmites funcionales en lo que respecta al tama\u00f1o del trabajo que puede realizar en este controlador. Se ha probado en archivos de superficie tridimensional que superan los 80\u00a0MB sin presentar problemas operativos.<\/p>\n<p style=\"text-align: justify;\">A2MC Enterprise es una interfaz intuitiva basada en Windows, con un marco modular completamente nuevo que les permite a los usuarios conectarse con facilidad con m\u00faltiples m\u00e1quinas, al mismo tiempo que se beneficia de aplicaciones m\u00e1s integrales y f\u00e1ciles de usar.<\/p>\n<p style=\"text-align: justify;\">La A2MC est\u00e1 ubicada de manera segura en el gabinete de control de la m\u00e1quina certificado con los otros componentes el\u00e9ctricos. El gabinete est\u00e1 montado de manera segura en el bastidor de la m\u00e1quina, fuera de la zona de producci\u00f3n y ahorr\u00e1ndole el exceso de espacio de piso ocupado por un gabinete de m\u00e1quina independiente.<\/p>\n<p style=\"text-align: justify;\">La conexi\u00f3n con el controlador de la m\u00e1quina se realiza a trav\u00e9s de una conexi\u00f3n TCP\/IP a un sistema anfitri\u00f3n LAN. Esto hace que la transferencia a la m\u00e1quina sea esencialmente instant\u00e1nea. Esto tambi\u00e9n significa que la m\u00e1quina puede conectarse a red, y hacer que todos los archivos se transfieran desde ella hacia cualquier ubicaci\u00f3n de la red, no solo a una estaci\u00f3n de descarga.<\/p>\n<p style=\"text-align: justify;\">Todos los controladores A2MC tienen un dispositivo de autodiagn\u00f3stico incorporado que tambi\u00e9n puede utilizarse de manera remota para solucionar problemas, actualizar y capacitar a nuevos operarios.<\/p>\n<p style=\"text-align: justify;\">Estas funciones hacen que el A2MC sea el controlador m\u00e1s poderoso de la industria, disponible solamente en las m\u00e1quinas CNC de AXYZ.<\/p>\n<p style=\"text-align: justify;\">\n","protected":false},"excerpt":{"rendered":"<p>C\u00d3MO LLEVAR LOS SISTEMAS DE CONTROL DE M\u00c1QUINAS A UN NUEVO NIVEL &nbsp; El controlador A2MC AXYZ ha llevado los sistemas de control de m\u00e1quinas a un nuevo nivel y ahora ofrece una de las capacidades de control de m\u00e1quinas m\u00e1s poderosas del mercado actual. El controlador A2MC ofrece un movimiento mucho m\u00e1s suave y <a class=\"moretag\" href=\"https:\/\/oldaxyz.kinsta.cloud\/es\/controlador-a2mc\/\">[read more&#8230;]<\/a><\/p>\n","protected":false},"author":6,"featured_media":955,"parent":0,"menu_order":0,"comment_status":"closed","ping_status":"closed","template":"page-fullwidth.php","meta":[],"_links":{"self":[{"href":"https:\/\/oldaxyz.kinsta.cloud\/es\/wp-json\/wp\/v2\/pages\/954"}],"collection":[{"href":"https:\/\/oldaxyz.kinsta.cloud\/es\/wp-json\/wp\/v2\/pages"}],"about":[{"href":"https:\/\/oldaxyz.kinsta.cloud\/es\/wp-json\/wp\/v2\/types\/page"}],"author":[{"embeddable":true,"href":"https:\/\/oldaxyz.kinsta.cloud\/es\/wp-json\/wp\/v2\/users\/6"}],"replies":[{"embeddable":true,"href":"https:\/\/oldaxyz.kinsta.cloud\/es\/wp-json\/wp\/v2\/comments?post=954"}],"version-history":[{"count":2,"href":"https:\/\/oldaxyz.kinsta.cloud\/es\/wp-json\/wp\/v2\/pages\/954\/revisions"}],"predecessor-version":[{"id":1198,"href":"https:\/\/oldaxyz.kinsta.cloud\/es\/wp-json\/wp\/v2\/pages\/954\/revisions\/1198"}],"wp:featuredmedia":[{"embeddable":true,"href":"https:\/\/oldaxyz.kinsta.cloud\/es\/wp-json\/wp\/v2\/media\/955"}],"wp:attachment":[{"href":"https:\/\/oldaxyz.kinsta.cloud\/es\/wp-json\/wp\/v2\/media?parent=954"}],"curies":[{"name":"wp","href":"https:\/\/api.w.org\/{rel}","templated":true}]}}