{"id":1058,"date":"2016-08-31T15:10:48","date_gmt":"2016-08-31T14:10:48","guid":{"rendered":"https:\/\/oldaxyz.kinsta.cloud\/test-es-test\/technical-documentation\/"},"modified":"2017-11-09T15:20:36","modified_gmt":"2017-11-09T15:20:36","slug":"documentacion-tecnica","status":"publish","type":"page","link":"https:\/\/oldaxyz.kinsta.cloud\/es\/documentacion-tecnica\/","title":{"rendered":"Technical Documentation"},"content":{"rendered":"<p style=\"text-align: center;\">Dise\u00f1ados para ayudar a nuestros clientes a entender plenamente su sistema de ruteado CNC, AXYZ ha desarrollado un centro de soporte en l\u00ednea con un contenido de valor incalculable. Este centro de soporte en l\u00ednea ofrece documentaci\u00f3n detallada que incluye: consejos de recuperaci\u00f3n de fallos, c\u00f3digos de funci\u00f3n, preguntas frecuentes y mucha m\u00e1s documentaci\u00f3n.<\/p>\n<p>&nbsp;<\/p>\n<div class=\"row\">\n<div class=\"col-md-12\">\n<div class=\"col-md-4\">\n<h2 style=\"text-align: left;\">Recuperaci\u00f3n de fallos<\/h2>\n<p style=\"text-align: center;\"><img decoding=\"async\" loading=\"lazy\" class=\"img-responsive aligncenter wp-image-4544 size-full\" src=\"https:\/\/oldaxyz.kinsta.cloud\/us\/wp-content\/uploads\/sites\/2\/2016\/08\/fault-recovery.jpg\" alt=\"fault-recovery\" width=\"375\" height=\"281\" \/><\/p>\n<p style=\"text-align: center;\"><a href=\"https:\/\/oldaxyz.kinsta.cloud\/es\/fault-recovery-en\/\">English<\/a><br \/>\n<a href=\"https:\/\/oldaxyz.kinsta.cloud\/es\/fault-recovery-fr\/\">French<\/a><br \/>\n<a href=\"https:\/\/oldaxyz.kinsta.cloud\/es\/fault-recovery-fr-ca\/\">French Canadian<\/a><br \/>\n<a href=\"https:\/\/oldaxyz.kinsta.cloud\/es\/fault-recovery-pl\/\">Polish<\/a><br \/>\n<a href=\"https:\/\/oldaxyz.kinsta.cloud\/es\/fault-recovery-sp\/\">Spanish<\/a><\/p>\n<\/div>\n<div class=\"col-md-4\">\n<h2 style=\"text-align: left;\">Funciones<\/h2>\n<p style=\"text-align: center;\"><img decoding=\"async\" loading=\"lazy\" class=\"img-responsive aligncenter wp-image-4545 size-full\" src=\"https:\/\/oldaxyz.kinsta.cloud\/us\/wp-content\/uploads\/sites\/2\/2016\/08\/functions.jpg\" alt=\"functions\" width=\"375\" height=\"281\" \/><\/p>\n<p style=\"text-align: center;\"><a href=\"https:\/\/oldaxyz.kinsta.cloud\/es\/functions-en\/\">English<\/a><br \/>\n<a href=\"https:\/\/oldaxyz.kinsta.cloud\/es\/functions-fr\/\">French<\/a><br \/>\n<a href=\"https:\/\/oldaxyz.kinsta.cloud\/es\/functions-fr-ca\/\">French Canadian<\/a><br \/>\n<a href=\"https:\/\/oldaxyz.kinsta.cloud\/es\/functions-pl\/\">Polish<\/a><br \/>\n<a href=\"https:\/\/oldaxyz.kinsta.cloud\/es\/functions-sp\/\">Spanish<\/a><\/p>\n<\/div>\n<div class=\"col-md-4\">\n<h2 style=\"text-align: left;\">FAQ<\/h2>\n<p style=\"text-align: center;\"><img decoding=\"async\" loading=\"lazy\" class=\"img-responsive aligncenter wp-image-4543 size-full\" src=\"https:\/\/oldaxyz.kinsta.cloud\/us\/wp-content\/uploads\/sites\/2\/2016\/08\/faq.jpg\" alt=\"faq\" width=\"375\" height=\"281\" \/><\/p>\n<p style=\"text-align: center;\"><a href=\"https:\/\/oldaxyz.kinsta.cloud\/es\/frequently-asked-questions\/\">English<\/a><br \/>\n<a href=\"https:\/\/oldaxyz.kinsta.cloud\/es\/frequently-asked-questions-fr\/\">French<\/a><br \/>\n<a href=\"https:\/\/oldaxyz.kinsta.cloud\/es\/frequently-asked-questions-fr-ca\/\">French Canadian<\/a><br \/>\n<a href=\"https:\/\/oldaxyz.kinsta.cloud\/es\/frequently-asked-questions-pl\/\">Polish<\/a><br \/>\n<a href=\"https:\/\/oldaxyz.kinsta.cloud\/es\/frequently-asked-questions-sp\/\">Spanish<\/a><\/p>\n<\/div>\n<p>&nbsp;<\/p>\n<div class=\"col-md-4\">\n<h2 style=\"text-align: left;\">Literatura OEM<\/h2>\n<p style=\"text-align: center;\"><img decoding=\"async\" loading=\"lazy\" class=\"img-responsive aligncenter wp-image-4546 size-full\" src=\"https:\/\/oldaxyz.kinsta.cloud\/us\/wp-content\/uploads\/sites\/2\/2016\/08\/oem.jpg\" alt=\"oem\" width=\"375\" height=\"281\" \/><\/p>\n<p style=\"text-align: center;\"><a href=\"https:\/\/oldaxyz.kinsta.cloud\/es\/o-e-m-literature-english\/\">English<\/a><br \/>\n<a href=\"https:\/\/oldaxyz.kinsta.cloud\/es\/o-e-m-literature-fr\/\">French<\/a><br \/>\n<a href=\"https:\/\/oldaxyz.kinsta.cloud\/es\/o-e-m-literature-fr-ca\/\">French Canadian<\/a><br \/>\n<a href=\"https:\/\/oldaxyz.kinsta.cloud\/es\/o-e-m-literature-pl\/\">Polish<\/a><br \/>\n<a href=\"https:\/\/oldaxyz.kinsta.cloud\/es\/o-e-m-literature-sp\/\">Spanish<\/a><\/p>\n<\/div>\n<div class=\"col-md-4\">\n<h2 style=\"text-align: left;\">C\u00f3digos de error AMC<\/h2>\n<p style=\"text-align: center;\"><img decoding=\"async\" loading=\"lazy\" class=\"img-responsive aligncenter wp-image-4542 size-full\" src=\"https:\/\/oldaxyz.kinsta.cloud\/us\/wp-content\/uploads\/sites\/2\/2016\/08\/amc.jpg\" alt=\"amc\" width=\"375\" height=\"281\" \/><\/p>\n<p style=\"text-align: center;\"><a href=\"https:\/\/oldaxyz.kinsta.cloud\/es\/amc-error-codes\/\">English<\/a><\/p>\n<\/div>\n<\/div>\n<\/div>\n","protected":false},"excerpt":{"rendered":"<p>Dise\u00f1ados para ayudar a nuestros clientes a entender plenamente su sistema de ruteado CNC, AXYZ ha desarrollado un centro de soporte en l\u00ednea con un contenido de valor incalculable. Este centro de soporte en l\u00ednea ofrece documentaci\u00f3n detallada que incluye: consejos de recuperaci\u00f3n de fallos, c\u00f3digos de funci\u00f3n, preguntas frecuentes y mucha m\u00e1s documentaci\u00f3n. &nbsp; <a class=\"moretag\" href=\"https:\/\/oldaxyz.kinsta.cloud\/es\/documentacion-tecnica\/\">[read more&#8230;]<\/a><\/p>\n","protected":false},"author":6,"featured_media":0,"parent":0,"menu_order":0,"comment_status":"closed","ping_status":"closed","template":"page-fullwidth.php","meta":[],"_links":{"self":[{"href":"https:\/\/oldaxyz.kinsta.cloud\/es\/wp-json\/wp\/v2\/pages\/1058"}],"collection":[{"href":"https:\/\/oldaxyz.kinsta.cloud\/es\/wp-json\/wp\/v2\/pages"}],"about":[{"href":"https:\/\/oldaxyz.kinsta.cloud\/es\/wp-json\/wp\/v2\/types\/page"}],"author":[{"embeddable":true,"href":"https:\/\/oldaxyz.kinsta.cloud\/es\/wp-json\/wp\/v2\/users\/6"}],"replies":[{"embeddable":true,"href":"https:\/\/oldaxyz.kinsta.cloud\/es\/wp-json\/wp\/v2\/comments?post=1058"}],"version-history":[{"count":10,"href":"https:\/\/oldaxyz.kinsta.cloud\/es\/wp-json\/wp\/v2\/pages\/1058\/revisions"}],"predecessor-version":[{"id":1564,"href":"https:\/\/oldaxyz.kinsta.cloud\/es\/wp-json\/wp\/v2\/pages\/1058\/revisions\/1564"}],"wp:attachment":[{"href":"https:\/\/oldaxyz.kinsta.cloud\/es\/wp-json\/wp\/v2\/media?parent=1058"}],"curies":[{"name":"wp","href":"https:\/\/api.w.org\/{rel}","templated":true}]}}