{"id":1055,"date":"2016-10-18T14:49:48","date_gmt":"2016-10-18T13:49:48","guid":{"rendered":"https:\/\/oldaxyz.kinsta.cloud\/test-es-test\/service\/"},"modified":"2016-12-21T16:52:57","modified_gmt":"2016-12-21T16:52:57","slug":"servicio","status":"publish","type":"page","link":"https:\/\/oldaxyz.kinsta.cloud\/es\/servicio\/","title":{"rendered":"Service"},"content":{"rendered":"<h2 style=\"text-align: center;\">EXCEPCIONAL SERVICIO DE ATENCI\u00d3N AL CLIENTE, INDEPENDIENTEMENTE DEL PRESUPUESTO<\/h2>\n<p>&nbsp;<\/p>\n<p style=\"text-align: center;\">Junto con la excelencia en fabricaci\u00f3n, AXYZ ha formado un equipo de soporte t\u00e9cnico que es inigualable. Cada oficina de Ventas y servicio cuenta o uno o m\u00e1s t\u00e9cnicos que ofrecen soporte local y capacitaci\u00f3n para nuestros clientes. Nuestros expertos locales en soporte t\u00e9cnico cuentan con el respaldo de un equipo de soporte calificado en la oficina principal. Los miembros del equipo de soporte t\u00e9cnico capacitados en todas las \u00e1reas pueden ser enviados al sitio para realizar mantenimiento y reparaciones, as\u00ed como tambi\u00e9n utilizar opciones de soporte basadas en la Web para realizar diagn\u00f3sticos remotos y corregir problemas relacionados con el control.ues.<\/p>\n<p style=\"text-align: center;\">Al utilizar estas mismas soluciones web avanzadas, AXYZ pueden proporcionar capacitaci\u00f3n profesional sobre software a usted y a su personal sin los costos asociados de viaje y hospedaje.<\/p>\n","protected":false},"excerpt":{"rendered":"<p>EXCEPCIONAL SERVICIO DE ATENCI\u00d3N AL CLIENTE, INDEPENDIENTEMENTE DEL PRESUPUESTO &nbsp; Junto con la excelencia en fabricaci\u00f3n, AXYZ ha formado un equipo de soporte t\u00e9cnico que es inigualable. Cada oficina de Ventas y servicio cuenta o uno o m\u00e1s t\u00e9cnicos que ofrecen soporte local y capacitaci\u00f3n para nuestros clientes. Nuestros expertos locales en soporte t\u00e9cnico cuentan <a class=\"moretag\" href=\"https:\/\/oldaxyz.kinsta.cloud\/es\/servicio\/\">[read more&#8230;]<\/a><\/p>\n","protected":false},"author":6,"featured_media":1056,"parent":0,"menu_order":0,"comment_status":"closed","ping_status":"closed","template":"template-support.php","meta":[],"_links":{"self":[{"href":"https:\/\/oldaxyz.kinsta.cloud\/es\/wp-json\/wp\/v2\/pages\/1055"}],"collection":[{"href":"https:\/\/oldaxyz.kinsta.cloud\/es\/wp-json\/wp\/v2\/pages"}],"about":[{"href":"https:\/\/oldaxyz.kinsta.cloud\/es\/wp-json\/wp\/v2\/types\/page"}],"author":[{"embeddable":true,"href":"https:\/\/oldaxyz.kinsta.cloud\/es\/wp-json\/wp\/v2\/users\/6"}],"replies":[{"embeddable":true,"href":"https:\/\/oldaxyz.kinsta.cloud\/es\/wp-json\/wp\/v2\/comments?post=1055"}],"version-history":[{"count":2,"href":"https:\/\/oldaxyz.kinsta.cloud\/es\/wp-json\/wp\/v2\/pages\/1055\/revisions"}],"predecessor-version":[{"id":1164,"href":"https:\/\/oldaxyz.kinsta.cloud\/es\/wp-json\/wp\/v2\/pages\/1055\/revisions\/1164"}],"wp:featuredmedia":[{"embeddable":true,"href":"https:\/\/oldaxyz.kinsta.cloud\/es\/wp-json\/wp\/v2\/media\/1056"}],"wp:attachment":[{"href":"https:\/\/oldaxyz.kinsta.cloud\/es\/wp-json\/wp\/v2\/media?parent=1055"}],"curies":[{"name":"wp","href":"https:\/\/api.w.org\/{rel}","templated":true}]}}