{"id":1052,"date":"2016-10-17T14:19:53","date_gmt":"2016-10-17T13:19:53","guid":{"rendered":"https:\/\/oldaxyz.kinsta.cloud\/test-es-test\/resources\/"},"modified":"2016-12-21T16:47:11","modified_gmt":"2016-12-21T16:47:11","slug":"resources","status":"publish","type":"page","link":"https:\/\/oldaxyz.kinsta.cloud\/es\/resources\/","title":{"rendered":"Resources"},"content":{"rendered":"<h1 style=\"text-align: center;\">UN DISTRIBUIDOR DE INFORMACI\u00d3N EN L\u00cdNEA PARA QUE COMPRAR UNA RUTEADORA CNC SEA F\u00c1CIL<\/h1>\n","protected":false},"excerpt":{"rendered":"<p>UN DISTRIBUIDOR DE INFORMACI\u00d3N EN L\u00cdNEA PARA QUE COMPRAR UNA RUTEADORA CNC SEA F\u00c1CIL<\/p>\n","protected":false},"author":6,"featured_media":1185,"parent":0,"menu_order":0,"comment_status":"closed","ping_status":"closed","template":"page-fullwidth.php","meta":[],"_links":{"self":[{"href":"https:\/\/oldaxyz.kinsta.cloud\/es\/wp-json\/wp\/v2\/pages\/1052"}],"collection":[{"href":"https:\/\/oldaxyz.kinsta.cloud\/es\/wp-json\/wp\/v2\/pages"}],"about":[{"href":"https:\/\/oldaxyz.kinsta.cloud\/es\/wp-json\/wp\/v2\/types\/page"}],"author":[{"embeddable":true,"href":"https:\/\/oldaxyz.kinsta.cloud\/es\/wp-json\/wp\/v2\/users\/6"}],"replies":[{"embeddable":true,"href":"https:\/\/oldaxyz.kinsta.cloud\/es\/wp-json\/wp\/v2\/comments?post=1052"}],"version-history":[{"count":2,"href":"https:\/\/oldaxyz.kinsta.cloud\/es\/wp-json\/wp\/v2\/pages\/1052\/revisions"}],"predecessor-version":[{"id":1177,"href":"https:\/\/oldaxyz.kinsta.cloud\/es\/wp-json\/wp\/v2\/pages\/1052\/revisions\/1177"}],"wp:featuredmedia":[{"embeddable":true,"href":"https:\/\/oldaxyz.kinsta.cloud\/es\/wp-json\/wp\/v2\/media\/1185"}],"wp:attachment":[{"href":"https:\/\/oldaxyz.kinsta.cloud\/es\/wp-json\/wp\/v2\/media?parent=1052"}],"curies":[{"name":"wp","href":"https:\/\/api.w.org\/{rel}","templated":true}]}}