{"id":1048,"date":"2016-08-31T15:16:16","date_gmt":"2016-08-31T14:16:16","guid":{"rendered":"https:\/\/oldaxyz.kinsta.cloud\/test-es-test\/privacy-policy\/"},"modified":"2016-12-22T11:38:49","modified_gmt":"2016-12-22T11:38:49","slug":"privacidad","status":"publish","type":"page","link":"https:\/\/oldaxyz.kinsta.cloud\/es\/privacidad\/","title":{"rendered":"Privacy Policy"},"content":{"rendered":"<p style=\"text-align: justify;\">Al visitar nuestro sitio web, usted tiene la garant\u00eda de que su privacidad se respetar\u00e1. Toda informaci\u00f3n que nos env\u00ede estar\u00e1 segura y solamente se utilizar\u00e1 para los fines indicados. No recopilamos ni compartimos informaci\u00f3n personal sobre usted, su empresa o su producto, sin su consentimiento expreso por escrito.<\/p>\n<p style=\"text-align: justify;\">Toda la informaci\u00f3n recopilada sobre su relaci\u00f3n con AXYZ est\u00e1 sujeta a las normas establecidas en esta pol\u00edtica de privacidad. Solamente los empleados autorizados de AXYZ podr\u00e1n ver su informaci\u00f3n personal. La informaci\u00f3n personal nunca se vender\u00e1 ni se ofrecer\u00e1 a ninguna compa\u00f1\u00eda fuera de AXYZ. Todas las correspondencias que env\u00ede ser\u00e1n estrictamente confidenciales.<\/p>\n<p style=\"text-align: justify;\">AXYZ puede enmendar esta declaraci\u00f3n seg\u00fan sea necesario conforme a las disposiciones establecidas en la ley de privacidad. Todos los cambios realizados a esta declaraci\u00f3n de privacidad se publicar\u00e1n y solamente se aplicar\u00e1n a los datos recopilados despu\u00e9s de la fecha de entrada en vigencia del cambio. Todas las revisiones a nuestra declaraci\u00f3n de privacidad se publicar\u00e1n al menos 10\u00a0d\u00edas antes de la fecha de entrada en vigencia. Este compromiso de privacidad es aplicable en Canad\u00e1 y en Estados Unidos.<\/p>\n<p style=\"text-align: justify;\">Si tiene preguntas sobre nuestra pol\u00edtica de privacidad, comun\u00edquese con nosotros.<\/p>\n","protected":false},"excerpt":{"rendered":"<p>Al visitar nuestro sitio web, usted tiene la garant\u00eda de que su privacidad se respetar\u00e1. Toda informaci\u00f3n que nos env\u00ede estar\u00e1 segura y solamente se utilizar\u00e1 para los fines indicados. No recopilamos ni compartimos informaci\u00f3n personal sobre usted, su empresa o su producto, sin su consentimiento expreso por escrito. Toda la informaci\u00f3n recopilada sobre su <a class=\"moretag\" href=\"https:\/\/oldaxyz.kinsta.cloud\/es\/privacidad\/\">[read more&#8230;]<\/a><\/p>\n","protected":false},"author":6,"featured_media":1049,"parent":0,"menu_order":0,"comment_status":"closed","ping_status":"closed","template":"page-fullwidth.php","meta":[],"_links":{"self":[{"href":"https:\/\/oldaxyz.kinsta.cloud\/es\/wp-json\/wp\/v2\/pages\/1048"}],"collection":[{"href":"https:\/\/oldaxyz.kinsta.cloud\/es\/wp-json\/wp\/v2\/pages"}],"about":[{"href":"https:\/\/oldaxyz.kinsta.cloud\/es\/wp-json\/wp\/v2\/types\/page"}],"author":[{"embeddable":true,"href":"https:\/\/oldaxyz.kinsta.cloud\/es\/wp-json\/wp\/v2\/users\/6"}],"replies":[{"embeddable":true,"href":"https:\/\/oldaxyz.kinsta.cloud\/es\/wp-json\/wp\/v2\/comments?post=1048"}],"version-history":[{"count":1,"href":"https:\/\/oldaxyz.kinsta.cloud\/es\/wp-json\/wp\/v2\/pages\/1048\/revisions"}],"predecessor-version":[{"id":1375,"href":"https:\/\/oldaxyz.kinsta.cloud\/es\/wp-json\/wp\/v2\/pages\/1048\/revisions\/1375"}],"wp:featuredmedia":[{"embeddable":true,"href":"https:\/\/oldaxyz.kinsta.cloud\/es\/wp-json\/wp\/v2\/media\/1049"}],"wp:attachment":[{"href":"https:\/\/oldaxyz.kinsta.cloud\/es\/wp-json\/wp\/v2\/media?parent=1048"}],"curies":[{"name":"wp","href":"https:\/\/api.w.org\/{rel}","templated":true}]}}