{"id":1032,"date":"2016-11-16T10:31:22","date_gmt":"2016-11-16T10:31:22","guid":{"rendered":"https:\/\/oldaxyz.kinsta.cloud\/test-es-test\/frequently-asked-questions-polish\/"},"modified":"2017-01-27T11:12:28","modified_gmt":"2017-01-27T11:12:28","slug":"frequently-asked-questions-pl","status":"publish","type":"page","link":"https:\/\/oldaxyz.kinsta.cloud\/es\/frequently-asked-questions-pl\/","title":{"rendered":"Frequently Asked Questions &#8211; Polish"},"content":{"rendered":"<hr \/>\n<h2>Pomoc dotycz\u0105ca kontrolera A2MC<\/h2>\n<hr \/>\n<div id=\"tabs-1\">\n<div id=\"ct2accordion\">\n<h4 style=\"text-align: justify;\"><strong>Moja maszyna ma stary kontroler AMC. Jak mo\u017cna zaktualizowa\u0107 maszyn\u0119 do kontrolera A2MC?<\/strong><\/h4>\n<div id=\"content\" style=\"text-align: justify;\">Aby otrzyma\u0107 wycen\u0119 aktualizacji plotera AXYZ, nale\u017cy wype\u0142ni\u0107 nast\u0119puj\u0105cy formularz zg\u0142oszeniowy.<a href=\"https:\/\/oldaxyz.kinsta.cloud\/us\/service\/\"><span style=\"color: #0000ff;\">Prosimy klikn\u0105\u0107 tutaj.<\/span><\/a><\/div>\n<h4 style=\"text-align: justify;\"><strong><em>Na mojej konsoli Sub wy\u015bwietla si\u0119 komunikat o b\u0142\u0119dzie. Gdzie mo\u017cna uzyska\u0107 pomoc dotycz\u0105c\u0105 kod\u00f3w b\u0142\u0119d\u00f3w kontrolera A2MC?<\/em><\/strong><\/h4>\n<div id=\"content\" style=\"text-align: justify;\">Aby otrzyma\u0107 pomoc dotycz\u0105c\u0105 kod\u00f3w b\u0142\u0119d\u00f3w A2MC, nale\u017cy. <a href=\"https:\/\/oldaxyz.kinsta.cloud\/us\/fault-recovery-pl\/\"><span style=\"color: #0000ff;\">klikn\u0105\u0107 tutaj<\/span><\/a><\/div>\n<h4 style=\"text-align: justify;\"><strong><em>Po w\u0142\u0105czeniu maszyny, maszyna nie uruchamia si\u0119. Co nale\u017cy zrobi\u0107?<\/em><\/strong><\/h4>\n<div id=\"content\" style=\"text-align: justify;\">\n<p>Najpierw nale\u017cy otworzy\u0107 skrzynk\u0119 sterownicz\u0105 i spr\u00f3bowa\u0107 w\u0142\u0105czy\u0107 maszyn\u0119. Powinien pojawi\u0107 si\u0119 g\u0142o\u015bny sygna\u0142 z A2MC, kt\u00f3ry wskazuje, \u017ce BIOS zosta\u0142 uruchomiony. Je\u015bli sygna\u0142 NIE pojawi si\u0119, oznacza to, \u017ce wyst\u0105pi\u0142 problem z uruchamianiem A2MC. Wi\u0119kszo\u015b\u0107 kontroler\u00f3w A2MC w wersji 4 ma przycisk resetowania wbudowany w prawym g\u00f3rnym naro\u017cniku A2MC. Nacisn\u0105\u0107 na przycisk i sprawdzi\u0107, czy maszyna uruchomi si\u0119 ponownie. Je\u015bli nie ma przycisku resetowania i pod\u0142\u0105czono monitor, na kt\u00f3rym nie wy\u015bwietlaj\u0105 si\u0119 \u017cadne informacje, nale\u017cy zwr\u00f3ci\u0107 maszyn\u0119 do firmy AXYZ w celu naprawy. Je\u015bli dwukrotne naci\u015bni\u0119cie przycisku resetowania nie daje \u017cadnego efektu, oznacza to, \u017ce wyst\u0105pi\u0142 problem ze sprz\u0119tem i nale\u017cy zwr\u00f3ci\u0107 maszyn\u0119 do naprawy. Prosimy o kontakt z dzia\u0142em obs\u0142ugi klienta w celu upowa\u017cnienia do zwrotu produktu do naprawy. Prosimy dok\u0142adnie opisa\u0107 problem.<\/p>\n<p>Je\u015bli naci\u015bni\u0119to przycisk resetowania i maszyna uruchamia si\u0119, powinna zresetowa\u0107 si\u0119 bez \u017cadnych innych problem\u00f3w. Je\u015bli A2MC uruchamia si\u0119, ale maszyna nie uruchamia si\u0119 poprawnie, nale\u017cy przy od\u0142\u0105czonym zasilaniu pod\u0142\u0105czy\u0107 dodatkow\u0105 pami\u0119\u0107 compact flash, kt\u00f3ra zosta\u0142a wys\u0142ana wraz z maszyn\u0105 po jej zakupie. Je\u015bli po wymianie pami\u0119ci compact flash nadal wyst\u0119puj\u0105 problemy, prosimy o kontakt z dzia\u0142em obs\u0142ugi klienta w celu otrzymania biletu serwisowego i rozmowy z dzia\u0142em pomocy technicznej.<\/p>\n<\/div>\n<h4 style=\"text-align: justify;\"><strong>Maszyna uruchamia si\u0119, ale nie wida\u0107 \u017cadnych urz\u0105dze\u0144 Modbusa w graficznym interfejsie u\u017cytkownika.<\/strong><\/h4>\n<div id=\"content\" style=\"text-align: justify;\">To zwykle wskazuje usterk\u0119 sprz\u0119tow\u0105. Prosimy o kontakt z dzia\u0142em obs\u0142ugi klienta w celu otrzymania biletu serwisowego i rozmowy z dzia\u0142em pomocy technicznej.<\/div>\n<h4 style=\"text-align: justify;\"><strong>Musz\u0119 kupi\u0107 dodatkow\u0105 pami\u0119\u0107 compact flash. Jak mo\u017cna j\u0105 zam\u00f3wi\u0107?<\/strong><\/h4>\n<div id=\"content\" style=\"text-align: justify;\">Now\u0105 pami\u0119\u0107 compact flash mo\u017cna zam\u00f3wi\u0107 po nawi\u0105zaniu kontaktu z dzia\u0142em obs\u0142ugi klienta i z\u0142o\u017ceniu zapytania o cz\u0119\u015bci zamienne. Potrzebna nam b\u0119dzie kopia pliku XML (zawiera konfiguracj\u0119 maszyny) w celu zaprogramowania pliku dla maszyny. W innym przypadku wy\u015blemy og\u00f3ln\u0105 zaprogramowan\u0105 pami\u0119\u0107 compact flash.<\/div>\n<\/div>\n<\/div>\n<hr \/>\n<h2>Pomoc dotycz\u0105ca kontrolera AMC<\/h2>\n<hr \/>\n<div id=\"tabs-2\">\n<div id=\"ctaccordion\">\n<h4 style=\"text-align: justify;\"><strong>Maszyna ma stary kontroler AMC. Jak mo\u017cna zaktualizowa\u0107 maszyn\u0119?<\/strong><\/h4>\n<div class=\"content\" style=\"text-align: justify;\">Aby otrzyma\u0107 wycen\u0119 aktualizacji plotera AXYZ, nale\u017cy skontaktowa\u0107 si\u0119 z dzia\u0142em obs\u0142ugi klienta AXYZ.<\/div>\n<h4 style=\"text-align: justify;\"><strong>Maszyna ma kontroler AMC0004G. Czy mo\u017cna zaktualizowa\u0107 maszyn\u0119 do aktualnych kontroler\u00f3w A2MC?<\/strong><\/h4>\n<div class=\"content\" style=\"text-align: justify;\">Tak, jest to zalecane. Aby otrzyma\u0107 wycen\u0119 aktualizacji plotera AXYZ, nale\u017cy skontaktowa\u0107 si\u0119 z dzia\u0142em obs\u0142ugi klienta AXYZ.<\/div>\n<h4 style=\"text-align: justify;\"><strong>Komputer lub system Windows zosta\u0142 zaktualizowany. Czy wyst\u0105pi\u0105 problemy komunikacyjne?<\/strong><\/h4>\n<div class=\"content\" style=\"text-align: justify;\">Prawdopodobnie tak.<br \/>\nJe\u015bli obecnie stosowana jest karta LRC lub konwerter B&amp;B RS485, prawdopodobnie b\u0119dzie potrzebna aktualizacja.<br \/>\nJe\u015bli stosowany jest konwerter szeregowy AXYZ, wszystko powinno dzia\u0142a\u0107 poprawnie, je\u015bli w nowym komputerze znajduje si\u0119 9-stykowy port szeregowy. Wi\u0119kszo\u015b\u0107 nowych komputer\u00f3w wyposa\u017cona jest wy\u0142\u0105cznie w porty USB.<\/div>\n<\/div>\n<\/div>\n<hr \/>\n<h2>Wsparcie dotycz\u0105ce Camtech<\/h2>\n<hr \/>\n<div id=\"tabs-3\">\n<div id=\"ct3accordion\">\n<h4 style=\"text-align: justify;\"><strong>Kupi\u0142em niedawno u\u017cywany ploter CamTech lub laser CamTech i potrzebuj\u0119 pomocy w instalacji i uruchomieniu maszyny. Z kim nale\u017cy si\u0119 skontaktowa\u0107, aby otrzyma\u0107 pomoc techniczn\u0105?<\/strong><\/h4>\n<div class=\"content\" style=\"text-align: justify;\">Dost\u0119pne jest wsparcie przez telefon lub online przez WebEx. Prosimy o kontakt z dzia\u0142em obs\u0142ugi klienta AXYZ.<\/div>\n<h4 style=\"text-align: justify;\"><strong>M\u00f3j projektant lub operator nie pracuje ju\u017c w mojej firmie. Chc\u0119 ponownie uruchomi\u0107 ploter lub laser CamTech i potrzebuj\u0119 szkolenia. Z kim nale\u017cy si\u0119 skontaktowa\u0107, aby zorganizowa\u0107 takie szkolenie?<\/strong><\/h4>\n<div class=\"content\" style=\"text-align: justify;\">Prosimy o kontakt z dzia\u0142em obs\u0142ugi klienta.<br \/>\nTelefonicznie: W Kanadzie pod numerem 905-634-4940. W USA pod numerem 513-771-7444.<br \/>\nWe wszystkich innych miejscach prosimy o kontakt z dzia\u0142em obs\u0142ugi klienta AXYZ.<\/div>\n<h4 style=\"text-align: justify;\"><strong>Jak uzyska\u0107 pomoc dotycz\u0105c\u0105 laser\u00f3w CamTech?<\/strong><\/h4>\n<div class=\"content\" style=\"text-align: justify;\">Dost\u0119pna jest pomoc telefoniczna lub online za po\u015brednictwem interfejsu WebEx. Op\u0142ata wynosi 75 USD za 30 minut. W przypadku \u017c\u0105dania wsparcia, prosimy o kontakt z dzia\u0142em obs\u0142ugi klienta AXYZ.<\/div>\n<h4 style=\"text-align: justify;\"><strong>Jak uzyska\u0107 pomoc w przypadku system\u00f3w plotera CamTech?<\/strong><\/h4>\n<div class=\"content\" style=\"text-align: justify;\">Dost\u0119pna jest pomoc telefoniczna lub online za po\u015brednictwem interfejsu WebEx. Op\u0142ata wynosi 75 USD za 30 minut. W przypadku zg\u0142oszenia pomocy, prosimy o kontakt z dzia\u0142em obs\u0142ugi klienta AXYZ.<\/div>\n<h4 style=\"text-align: justify;\"><strong>Jak zaktualizowa\u0107 ploter lub laser CamTech?<\/strong><\/h4>\n<div class=\"content\" style=\"text-align: justify;\">Obecnie AXYZ oferuje plotery dla wi\u0119kszo\u015bci modeli ploter\u00f3w CamTech. Aktualizacja obejmuje now\u0105 skrzynk\u0119 sterownicz\u0105 na podstawie kontrolera AXYZ A2MC i cz\u0119sto obejmuje nowe falowniki, wrzeciona i kontrolery silnik\u00f3w skokowych lub serwonap\u0119d\u00f3w. Aby otrzyma\u0107 wycen\u0119 aktualizacji plotera CamTech, prosimy o kontakt z dzia\u0142em obs\u0142ugi klienta AXYZ. Obecnie AXYZ pracuje nad rozwi\u0105zaniem dotycz\u0105cym aktualizacji laser\u00f3w CamTech. Gdy aktualizacja b\u0119dzie dost\u0119pna, b\u0119dzie opiera\u0142a si\u0119 na kontrolerze AXYZ A2MC.<\/div>\n<\/div>\n<\/div>\n<hr \/>\n<h2>Pomoc dotycz\u0105ca PANELBuilder<\/h2>\n<hr \/>\n<div id=\"tabs-4\">\n<div id=\"ct1accordion\">\n<h4 style=\"text-align: justify;\"><strong>Czy mo\u017cna zainstalowa\u0107 PANELBuilder na serwerze?<\/strong><\/h4>\n<div class=\"content\" style=\"text-align: justify;\">Tak, ale tylko z kilkoma licencjami. Prosimy pami\u0119ta\u0107 o nast\u0119puj\u0105cych instalacjach serwera: Aby zainstalowa\u0107 serwer, u\u017cytkownik musi mie\u0107 pe\u0142ne uprawnienia administratora. Jest to cz\u0119sto problemem w dzia\u0142ach IT z powod\u00f3w bezpiecze\u0144stwa. Cz\u0119sto firmy konfiguruj\u0105 oddzielny serwer techniczny, odr\u0119bny od g\u0142\u00f3wnego serwera firmy, w celu omini\u0119cia tego problemu i nie daj\u0105 pe\u0142nych uprawnie\u0144 administratora wszystkim u\u017cytkownikom PANELbuilder na g\u0142\u00f3wnym serwerze firmy. Licencje na serwer podlegaj\u0105 dodatkowej op\u0142acie 10% na licencj\u0119 i mo\u017cna je zam\u00f3wi\u0107 przy instalacji przynajmniej dw\u00f3ch licencji.<\/div>\n<h4 style=\"text-align: justify;\"><strong><em>Ile kosztuje aktualizacja PANELbuilder z wersji 4 do 16?<\/em><\/strong><\/h4>\n<div id=\"content\" style=\"text-align: justify;\">Prosimy o kontakt z dzia\u0142em obs\u0142ugi klienta, aby otrzyma\u0107 wycen\u0119. Ceny r\u00f3\u017cni\u0105 si\u0119 w zale\u017cno\u015bci od wersji, kt\u00f3ra jest obecnie obs\u0142ugiwana.<\/div>\n<h4 style=\"text-align: justify;\"><strong><em>Potrzebuj\u0119 pomocy, aby zainstalowa\u0107 PANELbuilder na tym samym lub nowym komputerze. Co nale\u017cy zrobi\u0107?<\/em><\/strong><\/h4>\n<div id=\"content\" style=\"text-align: justify;\">Je\u015bli obs\u0142ugiwana jest starsza wersja, nale\u017cy poprosi\u0107 o wycen\u0119 aktualizacji. W innym przypadku mo\u017cna zarejestrowa\u0107 spotkanie przez WebEx, kontaktuj\u0105c si\u0119 z naszym dzia\u0142em obs\u0142ugi klienta.<\/div>\n<h4 style=\"text-align: justify;\"><strong><em>Jak otrzyma\u0107 pomoc techniczn\u0105 w przypadku problemu z PANELbuilder?<\/em><\/strong><\/h4>\n<div id=\"content\" style=\"text-align: justify;\">Pomoc dotycz\u0105ca wszystkich problem\u00f3w z PANELbuilder jest dost\u0119pna przez nasze centrum szkoleniowe RouterCOACH. Prosimy o kontakt z dzia\u0142em obs\u0142ugi klienta, aby otrzyma\u0107 cennik.<\/div>\n<\/div>\n<\/div>\n","protected":false},"excerpt":{"rendered":"<p>Pomoc dotycz\u0105ca kontrolera A2MC Moja maszyna ma stary kontroler AMC. Jak mo\u017cna zaktualizowa\u0107 maszyn\u0119 do kontrolera A2MC? Aby otrzyma\u0107 wycen\u0119 aktualizacji plotera AXYZ, nale\u017cy wype\u0142ni\u0107 nast\u0119puj\u0105cy formularz zg\u0142oszeniowy.Prosimy klikn\u0105\u0107 tutaj. Na mojej konsoli Sub wy\u015bwietla si\u0119 komunikat o b\u0142\u0119dzie. Gdzie mo\u017cna uzyska\u0107 pomoc dotycz\u0105c\u0105 kod\u00f3w b\u0142\u0119d\u00f3w kontrolera A2MC? Aby otrzyma\u0107 pomoc dotycz\u0105c\u0105 kod\u00f3w b\u0142\u0119d\u00f3w A2MC, <a class=\"moretag\" href=\"https:\/\/oldaxyz.kinsta.cloud\/es\/frequently-asked-questions-pl\/\">[read more&#8230;]<\/a><\/p>\n","protected":false},"author":6,"featured_media":0,"parent":0,"menu_order":0,"comment_status":"closed","ping_status":"closed","template":"page-fullwidth.php","meta":[],"_links":{"self":[{"href":"https:\/\/oldaxyz.kinsta.cloud\/es\/wp-json\/wp\/v2\/pages\/1032"}],"collection":[{"href":"https:\/\/oldaxyz.kinsta.cloud\/es\/wp-json\/wp\/v2\/pages"}],"about":[{"href":"https:\/\/oldaxyz.kinsta.cloud\/es\/wp-json\/wp\/v2\/types\/page"}],"author":[{"embeddable":true,"href":"https:\/\/oldaxyz.kinsta.cloud\/es\/wp-json\/wp\/v2\/users\/6"}],"replies":[{"embeddable":true,"href":"https:\/\/oldaxyz.kinsta.cloud\/es\/wp-json\/wp\/v2\/comments?post=1032"}],"version-history":[{"count":1,"href":"https:\/\/oldaxyz.kinsta.cloud\/es\/wp-json\/wp\/v2\/pages\/1032\/revisions"}],"predecessor-version":[{"id":1546,"href":"https:\/\/oldaxyz.kinsta.cloud\/es\/wp-json\/wp\/v2\/pages\/1032\/revisions\/1546"}],"wp:attachment":[{"href":"https:\/\/oldaxyz.kinsta.cloud\/es\/wp-json\/wp\/v2\/media?parent=1032"}],"curies":[{"name":"wp","href":"https:\/\/api.w.org\/{rel}","templated":true}]}}