{"id":1030,"date":"2016-11-16T10:24:56","date_gmt":"2016-11-16T10:24:56","guid":{"rendered":"https:\/\/oldaxyz.kinsta.cloud\/test-es-test\/frequently-asked-questions-french\/"},"modified":"2017-01-27T11:12:02","modified_gmt":"2017-01-27T11:12:02","slug":"frequently-asked-questions-fr","status":"publish","type":"page","link":"https:\/\/oldaxyz.kinsta.cloud\/es\/frequently-asked-questions-fr\/","title":{"rendered":"Frequently Asked Questions &#8211; French"},"content":{"rendered":"<hr \/>\n<h2>Assistance A2MC<\/h2>\n<hr \/>\n<div id=\"tabs-1\">\n<div id=\"ct2accordion\">\n<h4 style=\"text-align: justify;\"><strong>Ma machine a un contr\u00f4leur AMC obsol\u00e8te, comment puis-je la mettre \u00e0 jour avec un contr\u00f4leur A2MC ?<\/strong><\/h4>\n<div id=\"content\" style=\"text-align: justify;\">Pour obtenir un devis de mise \u00e0 jour de votre toupie AXYZ, veuillez remplir le formulaire de demande suivant.<\/div>\n<h4 style=\"text-align: justify;\"><strong><em>J&#8217;obtiens un message d&#8217;erreur sur ma sous-console, o\u00f9 puis-je obtenir de l&#8217;aide au sujet des codes d&#8217;erreur A2MC ?<\/em><\/strong><\/h4>\n<div id=\"content\" style=\"text-align: justify;\">Pour de l&#8217;aide sur les codes d&#8217;erreur A2MC.<\/div>\n<h4 style=\"text-align: justify;\"><strong><em>J&#8217;allume ma machine et elle ne se met pas en marche. Que dois-je faire ?<\/em><\/strong><\/h4>\n<div id=\"content\" style=\"text-align: justify;\">\n<p>Pour commencer, essayez d&#8217;ouvrir le coffret \u00e9lectronique et allumez la machine. Vous devriez entendre un bip fort provenant de l&#8217;A2MC qui indique que le BIOS s&#8217;est amorc\u00e9. S&#8217;il n&#8217;y a PAS de bip, cela signifie qu&#8217;il y a un probl\u00e8me avec l&#8217;amor\u00e7age d&#8217;A2MC. La majorit\u00e9 des A2MC r\u00e9vision 4 sont dot\u00e9s d&#8217;un bouton de r\u00e9initialisation sur le coin en haut \u00e0 droite de l&#8217;A2MC. Appuyez sur le bouton de r\u00e9initialisation pour voir si l&#8217;unit\u00e9 red\u00e9marre. Si vous n&#8217;avez pas de bouton de r\u00e9initialisation et si un \u00e9cran est branch\u00e9 et si aucune activit\u00e9 n&#8217;est visible, l&#8217;unit\u00e9 doit \u00eatre envoy\u00e9e \u00e0 AXYZ pour \u00eatre r\u00e9par\u00e9e. Si vous appuyez sur le bouton de r\u00e9initialisation deux fois, toujours sans activit\u00e9, cela indique un probl\u00e8me avec le mat\u00e9riel et l&#8217;unit\u00e9 doit \u00eatre renvoy\u00e9e pour r\u00e9paration. Veuillez contacter le service clients pour la proc\u00e9dure de retour de mat\u00e9riel afin que l&#8217;unit\u00e9 puisse \u00eatre renvoy\u00e9e pour r\u00e9paration. Veuillez expliquer en d\u00e9tail le probl\u00e8me et joignez l&#8217;explication \u00e0 votre renvoi.<\/p>\n<p>Si vous appuyez sur le bouton de r\u00e9initialisation et si la machine s&#8217;allume, elle doit se r\u00e9initialiser toute seule sans probl\u00e8me ult\u00e9rieur. Si l&#8217;A2MC s&#8217;amorce, mais si la machine, elle, ne s&#8217;amorce pas correctement, veuillez essayez de la brancher, avec l&#8217;alimentation coup\u00e9e. Une carte Flash compacte suppl\u00e9mentaire a \u00e9t\u00e9 envoy\u00e9e avec votre machine neuve. Si vous rencontrez toujours des probl\u00e8mes apr\u00e8s avoir remplac\u00e9 la carte Flash compacte, veuillez contacter le service clients pour obtenir un ticket S.A.V. et parler \u00e0 notre assistance technique.<\/p>\n<\/div>\n<h4 style=\"text-align: justify;\"><strong>Ma machine s&#8217;allume, mais dans l&#8217;interface utilisateur, je ne parviens pas \u00e0 voir de dispositifs Modbus ?<\/strong><\/h4>\n<div id=\"content\" style=\"text-align: justify;\">Cela indique souvent un probl\u00e8me mat\u00e9riel. Veuillez contacter le service clients pour obtenir un ticket S.A.V. et parler \u00e0 notre assistance technique.<\/div>\n<h4 style=\"text-align: justify;\"><strong>J&#8217;ai besoin d&#8217;acheter une carte Flash compacte de rechange. Comment puis-je la commander ?<\/strong><\/h4>\n<div id=\"content\" style=\"text-align: justify;\">Une nouvelle carte Flash compacte peut \u00eatre command\u00e9e en contactant le service clients et en lui demandant les pi\u00e8ces recherch\u00e9es. Nous avons besoin d&#8217;une copie de votre fichier XML (qui contient la configuration de votre machine) pour pouvoir la programmer pour votre machine. Dans le cas contraire, vous recevrez une carte Flash compacte g\u00e9n\u00e9rique.<\/div>\n<\/div>\n<\/div>\n<hr \/>\n<h2>Assistance AMC<\/h2>\n<hr \/>\n<div id=\"tabs-2\">\n<div id=\"ctaccordion\">\n<h4 style=\"text-align: justify;\"><strong>Ma machine a un contr\u00f4leur AMC obsol\u00e8te, comment puis-je la mettre \u00e0 jour ?<\/strong><\/h4>\n<div class=\"content\" style=\"text-align: justify;\">Pour obtenir un devis pour la mise \u00e0 niveau de votre toupie AXYZ, veuillez contacter le service clients AXYZ.<\/div>\n<h4 style=\"text-align: justify;\"><strong>Ma machine a un AMC0004G, puis-je mettre ma machine \u00e0 jour vers les contr\u00f4les A2MC actuels ?<\/strong><\/h4>\n<div class=\"content\" style=\"text-align: justify;\">Oui, cela est vivement recommand\u00e9. Pour obtenir un devis pour la mise \u00e0 niveau de votre toupie AXYZ, veuillez contacter le service clients AXYZ.<\/div>\n<h4 style=\"text-align: justify;\"><strong>J&#8217;ai mis \u00e0 jour mon ordinateur ou Windows, vais-je avoir des probl\u00e8mes de communication ?<\/strong><\/h4>\n<div class=\"content\" style=\"text-align: justify;\">Oui, tr\u00e8s probablement.<br \/>\nSi vous utilisez actuellement une carte LRC ou un convertisseur B&amp;B RS485, vous aurez tr\u00e8s probablement besoin de mettre \u00e0 jour.<br \/>\nSi vous utilisez un convertisseur en s\u00e9rie AXYZ, pour autant que votre nouvel ordinateur est \u00e9quip\u00e9 d&#8217;un port s\u00e9rie de 9 broches, cela devrait marcher. La plupart des ordinateurs r\u00e9cents sont uniquement fournis avec des ports USB.<\/div>\n<\/div>\n<\/div>\n<hr \/>\n<h2>Assistance Camtech<\/h2>\n<hr \/>\n<div id=\"tabs-3\">\n<div id=\"ct3accordion\">\n<h4 style=\"text-align: justify;\"><strong>J&#8217;ai achet\u00e9 r\u00e9cemment une toupie CamTech ou un laser CamTech et j&#8217;ai besoin d&#8217;aide pour installer ma machine et la faire fonctionner. Qui dois-je contacter pour l&#8217;assistance technique ?<\/strong><\/h4>\n<div class=\"content\" style=\"text-align: justify;\">Une assistance par t\u00e9l\u00e9phone ou en ligne par WebEx est disponible. Veuillez contacter le service clients d&#8217;AXYZ<\/div>\n<h4 style=\"text-align: justify;\"><strong>Mon concepteur ou op\u00e9rateur ne fait plus partie de l&#8217;entreprise. Ma toupie ou mon laser CamTech doivent \u00eatre remis en service. En plus j&#8217;ai besoin d&#8217;une formation, qui dois-je contacter pour organiser cette formation ?<\/strong><\/h4>\n<p class=\"content\" style=\"text-align: justify;\">Veuillez contacter notre service clients.<br \/>\nPar t\u00e9l\u00e9phone : Du Canada, appelez le 905-634-4940. Des \u00c9tats-Unis, appelez le 513-771-7444.<br \/>\nPartout ailleurs, veuillez contacter le service clients d&#8217;AXYZ<\/p>\n<h4 style=\"text-align: justify;\"><strong><strong>Comment puis-je b\u00e9n\u00e9ficier d&#8217;une assistance pour les lasers CamTech ?<\/strong><\/strong><\/h4>\n<div class=\"content\" style=\"text-align: justify;\">Une assistance t\u00e9l\u00e9phonique ou en ligne par WebEx est propos\u00e9e et factur\u00e9e au tarif de 75 $ la demie heure. Si vous avez besoin d&#8217;aide, contactez le service clients AXYZ<\/div>\n<h4 style=\"text-align: justify;\"><strong><strong>Comment puis-je b\u00e9n\u00e9ficier d&#8217;une assistance pour les syst\u00e8mes de toupie CamTech ?<\/strong><\/strong><\/h4>\n<div class=\"content\" style=\"text-align: justify;\">Une assistance t\u00e9l\u00e9phonique ou en ligne par WebEx est propos\u00e9e et factur\u00e9e au tarif de 75 $ la demie heure. Si vous avez besoin d&#8217;aide, contactez le service clients AXYZ<\/div>\n<h4 style=\"text-align: justify;\"><strong><strong>Comment puis-je mettre \u00e0 jour mon laser ou ma toupie CamTech ?<\/strong><\/strong><\/h4>\n<div class=\"content\" style=\"text-align: justify;\">Actuellement, AXYZ est en train de proposer des toupies sur la majorit\u00e9 des mod\u00e8les de toupies CamTech. La mise \u00e0 niveau comporte un nouveau bo\u00eetier de commande bas\u00e9 sur le contr\u00f4leur AXYZ A2MC et inclut souvent de nouveaux onduleurs, des broches et des moteurs pas-\u00e0-pas ou des servocommandes. Pour obtenir un devis de mise \u00e0 niveau de votre toupie CamTech, veuillez contacter le service clients d&#8217;AXYZ. AXYZ est actuellement en train de travailler sur une solution de mise \u00e0 niveau pour les lasers CamTech. Une fois qu&#8217;elle sera disponible, elle se basera sur le contr\u00f4leur AXYZ A2MC.<\/div>\n<\/div>\n<\/div>\n<hr \/>\n<h2>Assistance PANELBuilder<\/h2>\n<hr \/>\n<div id=\"tabs-4\">\n<div id=\"ct1accordion\">\n<h4 style=\"text-align: justify;\"><strong>Est-ce que PANELBuilder peut \u00eatre install\u00e9 sur un serveur ?<\/strong><\/h4>\n<div class=\"content\" style=\"text-align: justify;\">Oui, mais uniquement avec plusieurs licences. Veuillez noter ce qui suit en ce qui concerne les installations du serveur : Les installations du serveur exigent que l&#8217;utilisateur dispose des droits d&#8217;administration complets du serveur. Bien souvent et pour des raisons de s\u00e9curit\u00e9, les d\u00e9partements informatiques en sont responsables. Souvent, les entreprises configurent un serveur d&#8217;ing\u00e9nierie s\u00e9par\u00e9, diff\u00e9rent du serveur principal de l&#8217;entreprise pour r\u00e9soudre cette question et ne pas donner \u00e0 tous les utilisateurs PANELbuilder les pleins droits d&#8217;administration sur le serveur principal de l&#8217;entreprise. Les licences de serveur sont assujetties \u00e0 une majoration de 10 % par licence et elles peuvent \u00eatre command\u00e9es pour des installations d&#8217;au moins deux licences.<\/div>\n<h4 style=\"text-align: justify;\"><strong><em>Combien co\u00fbte une mise \u00e0 niveau de PANELBuilder de la version 4 \u00e0 16 ?<\/em><\/strong><\/h4>\n<div id=\"content\" style=\"text-align: justify;\">Veuillez contacter le service clients pour un devis. Les prix peuvent varier selon la version que vous utilisez actuellement.<\/div>\n<h4 style=\"text-align: justify;\"><strong><em>J&#8217;ai besoin d&#8217;une assistance pour l&#8217;installation de PANELBuilder sur le m\u00eame ordinateur ou un nouvel ordinateur. Comment dois-je proc\u00e9der ?<\/em><\/strong><\/h4>\n<div id=\"content\" style=\"text-align: justify;\">Si vous utilisez une version plus ancienne, vous devez demander un devis pour la mise \u00e0 niveau. Dans le cas contraire, du temps WebEx peut \u00eatre r\u00e9serv\u00e9 en contactant le d\u00e9partement du service clients.<\/div>\n<h4 style=\"text-align: justify;\"><strong><em>Comment puis-je profiter d&#8217;une assistance technique suite \u00e0 mon probl\u00e8me avec PANELBuilder ?<\/em><\/strong><\/h4>\n<div id=\"content\" style=\"text-align: justify;\">Une assistance pour tous les probl\u00e8mes PanelBuilder est disponible via notre centre de formation RouterCOACH. Veuillez contacter le service clients pour les tarifs.<\/div>\n<\/div>\n<\/div>\n","protected":false},"excerpt":{"rendered":"<p>Assistance A2MC Ma machine a un contr\u00f4leur AMC obsol\u00e8te, comment puis-je la mettre \u00e0 jour avec un contr\u00f4leur A2MC ? Pour obtenir un devis de mise \u00e0 jour de votre toupie AXYZ, veuillez remplir le formulaire de demande suivant. J&#8217;obtiens un message d&#8217;erreur sur ma sous-console, o\u00f9 puis-je obtenir de l&#8217;aide au sujet des codes <a class=\"moretag\" href=\"https:\/\/oldaxyz.kinsta.cloud\/es\/frequently-asked-questions-fr\/\">[read more&#8230;]<\/a><\/p>\n","protected":false},"author":6,"featured_media":0,"parent":0,"menu_order":0,"comment_status":"closed","ping_status":"closed","template":"page-fullwidth.php","meta":[],"_links":{"self":[{"href":"https:\/\/oldaxyz.kinsta.cloud\/es\/wp-json\/wp\/v2\/pages\/1030"}],"collection":[{"href":"https:\/\/oldaxyz.kinsta.cloud\/es\/wp-json\/wp\/v2\/pages"}],"about":[{"href":"https:\/\/oldaxyz.kinsta.cloud\/es\/wp-json\/wp\/v2\/types\/page"}],"author":[{"embeddable":true,"href":"https:\/\/oldaxyz.kinsta.cloud\/es\/wp-json\/wp\/v2\/users\/6"}],"replies":[{"embeddable":true,"href":"https:\/\/oldaxyz.kinsta.cloud\/es\/wp-json\/wp\/v2\/comments?post=1030"}],"version-history":[{"count":1,"href":"https:\/\/oldaxyz.kinsta.cloud\/es\/wp-json\/wp\/v2\/pages\/1030\/revisions"}],"predecessor-version":[{"id":1544,"href":"https:\/\/oldaxyz.kinsta.cloud\/es\/wp-json\/wp\/v2\/pages\/1030\/revisions\/1544"}],"wp:attachment":[{"href":"https:\/\/oldaxyz.kinsta.cloud\/es\/wp-json\/wp\/v2\/media?parent=1030"}],"curies":[{"name":"wp","href":"https:\/\/api.w.org\/{rel}","templated":true}]}}