{"id":1026,"date":"2016-08-31T15:18:04","date_gmt":"2016-08-31T14:18:04","guid":{"rendered":"https:\/\/oldaxyz.kinsta.cloud\/test-es-test\/financing\/"},"modified":"2016-12-22T11:36:53","modified_gmt":"2016-12-22T11:36:53","slug":"financiacion","status":"publish","type":"page","link":"https:\/\/oldaxyz.kinsta.cloud\/es\/financiacion\/","title":{"rendered":"Financing"},"content":{"rendered":"<p>La renta es la mayor fuente de financiaci\u00f3n de equipos.\u00a0De hecho, m\u00e1s del 80 por ciento de todas las compa\u00f1\u00edas rentan su maquinaria, ya que pueden liberar capital de trabajo y l\u00edneas de cr\u00e9dito por el mantenimiento de los pasivos de sus balances.\u00a0El arrendamiento es un medio eficaz de controlar una gran cantidad de equipos con un desembolso de efectivo m\u00ednimo.<\/p>\n<p>AXYZ capital financing le ayudara a financiar la compra de la m\u00e1quina con mayor facilidad, le proporcionamos una alternativa de financiamiento simple y f\u00e1cil que pueda satisfacer sus requisitos espec\u00edficos.<\/p>\n<p>Con un pago mensual de arrendamiento manejable,\u00a0nuestro equipo de profesionales y socios trabajar\u00e1n con usted para obtener de manera eficiente el financiamiento y el producto que mejor se adapte a su necesidad y situaci\u00f3n.<\/p>\n","protected":false},"excerpt":{"rendered":"<p>La renta es la mayor fuente de financiaci\u00f3n de equipos.\u00a0De hecho, m\u00e1s del 80 por ciento de todas las compa\u00f1\u00edas rentan su maquinaria, ya que pueden liberar capital de trabajo y l\u00edneas de cr\u00e9dito por el mantenimiento de los pasivos de sus balances.\u00a0El arrendamiento es un medio eficaz de controlar una gran cantidad de equipos <a class=\"moretag\" href=\"https:\/\/oldaxyz.kinsta.cloud\/es\/financiacion\/\">[read more&#8230;]<\/a><\/p>\n","protected":false},"author":6,"featured_media":1027,"parent":0,"menu_order":0,"comment_status":"closed","ping_status":"closed","template":"page-fullwidth.php","meta":[],"_links":{"self":[{"href":"https:\/\/oldaxyz.kinsta.cloud\/es\/wp-json\/wp\/v2\/pages\/1026"}],"collection":[{"href":"https:\/\/oldaxyz.kinsta.cloud\/es\/wp-json\/wp\/v2\/pages"}],"about":[{"href":"https:\/\/oldaxyz.kinsta.cloud\/es\/wp-json\/wp\/v2\/types\/page"}],"author":[{"embeddable":true,"href":"https:\/\/oldaxyz.kinsta.cloud\/es\/wp-json\/wp\/v2\/users\/6"}],"replies":[{"embeddable":true,"href":"https:\/\/oldaxyz.kinsta.cloud\/es\/wp-json\/wp\/v2\/comments?post=1026"}],"version-history":[{"count":1,"href":"https:\/\/oldaxyz.kinsta.cloud\/es\/wp-json\/wp\/v2\/pages\/1026\/revisions"}],"predecessor-version":[{"id":1373,"href":"https:\/\/oldaxyz.kinsta.cloud\/es\/wp-json\/wp\/v2\/pages\/1026\/revisions\/1373"}],"wp:featuredmedia":[{"embeddable":true,"href":"https:\/\/oldaxyz.kinsta.cloud\/es\/wp-json\/wp\/v2\/media\/1027"}],"wp:attachment":[{"href":"https:\/\/oldaxyz.kinsta.cloud\/es\/wp-json\/wp\/v2\/media?parent=1026"}],"curies":[{"name":"wp","href":"https:\/\/api.w.org\/{rel}","templated":true}]}}