{"id":1017,"date":"2016-08-31T15:14:26","date_gmt":"2016-08-31T14:14:26","guid":{"rendered":"https:\/\/oldaxyz.kinsta.cloud\/test-es-test\/download-the-latest-interactive-guide-to-cnc-routing\/"},"modified":"2017-09-21T11:11:02","modified_gmt":"2017-09-21T10:11:02","slug":"ibook","status":"publish","type":"page","link":"https:\/\/oldaxyz.kinsta.cloud\/es\/ibook\/","title":{"rendered":"iBook"},"content":{"rendered":"<p>Todo lo que necesita saber acerca de AXYZ Internacional y su amplia gama de sistemas de ruteado CNC, todo ello en un formato interactivo pr\u00e1ctico.<\/p>\n<p>Averigua c\u00f3mo las m\u00e1quinas se pueden adaptar de forma \u00fanica, mejorar la productividad y ampliar su negocio. Tome un tiempo y mire a trav\u00e9s de las marcas y descubra todas las cosas incre\u00edbles que pueden hacer. Utilice la galer\u00eda de v\u00eddeos para informarce de los productos y la infinita variedad de opciones co las que AXYZ cuenta.<\/p>\n<p>Una vez que est\u00e9 listo, contacte una de nuestras oficinas de ventas y soporte local y guiarle \u00a0en el siguiente paso a seguir, es f\u00e1cil, basta con hacer clic <a href=\"https:\/\/oldaxyz.kinsta.cloud\/es\/solicitud-de-venta\/\" target=\"_blank\">aqu\u00ed<\/a>.<\/p>\n<p><em><strong>Nota: Para ver este libro, debe tener un iPad con iBooks 2 o posterior o iOS 5 o posterior, o un iPhone con iOS 8.4 o posterior, o un Mac con OS X 10.0 o posterior.?<\/strong><\/em><\/p>\n<p><iframe loading=\"lazy\" style=\"color: #222222; font-family: arial, sans-serif; font-size: 12.8px; line-height: normal;\" src=\"https:\/\/axyzcrm.net\/forms\/download_form.php?s=es&amp;source=ibook\" name=\"ibook\" width=\"100%\" height=\"1280\" frameborder=\"0\" scrolling=\"yes\">ibook&#8221; width=&#8221;100%&#8221;\/&gt;<\/iframe><\/p>\n","protected":false},"excerpt":{"rendered":"<p>Todo lo que necesita saber acerca de AXYZ Internacional y su amplia gama de sistemas de ruteado CNC, todo ello en un formato interactivo pr\u00e1ctico. Averigua c\u00f3mo las m\u00e1quinas se pueden adaptar de forma \u00fanica, mejorar la productividad y ampliar su negocio. Tome un tiempo y mire a trav\u00e9s de las marcas y descubra todas <a class=\"moretag\" href=\"https:\/\/oldaxyz.kinsta.cloud\/es\/ibook\/\">[read more&#8230;]<\/a><\/p>\n","protected":false},"author":6,"featured_media":1018,"parent":0,"menu_order":0,"comment_status":"closed","ping_status":"closed","template":"page-fullwidth.php","meta":[],"_links":{"self":[{"href":"https:\/\/oldaxyz.kinsta.cloud\/es\/wp-json\/wp\/v2\/pages\/1017"}],"collection":[{"href":"https:\/\/oldaxyz.kinsta.cloud\/es\/wp-json\/wp\/v2\/pages"}],"about":[{"href":"https:\/\/oldaxyz.kinsta.cloud\/es\/wp-json\/wp\/v2\/types\/page"}],"author":[{"embeddable":true,"href":"https:\/\/oldaxyz.kinsta.cloud\/es\/wp-json\/wp\/v2\/users\/6"}],"replies":[{"embeddable":true,"href":"https:\/\/oldaxyz.kinsta.cloud\/es\/wp-json\/wp\/v2\/comments?post=1017"}],"version-history":[{"count":3,"href":"https:\/\/oldaxyz.kinsta.cloud\/es\/wp-json\/wp\/v2\/pages\/1017\/revisions"}],"predecessor-version":[{"id":1563,"href":"https:\/\/oldaxyz.kinsta.cloud\/es\/wp-json\/wp\/v2\/pages\/1017\/revisions\/1563"}],"wp:featuredmedia":[{"embeddable":true,"href":"https:\/\/oldaxyz.kinsta.cloud\/es\/wp-json\/wp\/v2\/media\/1018"}],"wp:attachment":[{"href":"https:\/\/oldaxyz.kinsta.cloud\/es\/wp-json\/wp\/v2\/media?parent=1017"}],"curies":[{"name":"wp","href":"https:\/\/api.w.org\/{rel}","templated":true}]}}